{"id":17073,"date":"2022-11-02T08:52:59","date_gmt":"2022-11-02T08:52:59","guid":{"rendered":"https:\/\/motokary-karting.sk\/?post_type=product&#038;p=17073"},"modified":"2026-04-08T13:02:47","modified_gmt":"2026-04-08T13:02:47","slug":"vyfukovaci-teflonovy-krouzek-rotax","status":"publish","type":"product","link":"https:\/\/motokary-karting.sk\/cz\/produkt\/vyfukovy-kruzok-teflon-rotax\/","title":{"rendered":"Teflonov\u00fd krou\u017eek v\u00fdfuku - ROTAX"},"content":{"rendered":"<p>Pozice na obr\u00e1zku \u010d\u00edslo 2<\/p>","protected":false},"excerpt":{"rendered":"<p>Pozice na obr\u00e1zku \u010d\u00edslo 2<\/p>","protected":false},"featured_media":17074,"template":"","meta":[],"product_brand":[],"product_cat":[645,744,2677],"product_tag":[2429,142,1344,81,2650,618,754,2651,3240],"class_list":{"0":"post-17073","1":"product","2":"type-product","3":"status-publish","4":"has-post-thumbnail","6":"product_cat-nahradne-diely-na-motory","7":"product_cat-rotax-max","8":"product_cat-sekce-vyfuk","9":"product_tag-diely-na-rotax","10":"product_tag-karting","11":"product_tag-karting-shop","12":"product_tag-motokary","13":"product_tag-nahradne-diely-na-rotax","14":"product_tag-rotax","15":"product_tag-rotax-diely","16":"product_tag-suciastky-na-rotax","17":"product_tag-vyfukovy-kruzok-teflon-rotax","19":"first","20":"instock","21":"sale","22":"taxable","23":"shipping-taxable","24":"purchasable","25":"product-type-simple","26":"customify-col"},"aioseo_notices":[],"_links":{"self":[{"href":"https:\/\/motokary-karting.sk\/cz\/wp-json\/wp\/v2\/product\/17073","targetHints":{"allow":["GET"]}}],"collection":[{"href":"https:\/\/motokary-karting.sk\/cz\/wp-json\/wp\/v2\/product"}],"about":[{"href":"https:\/\/motokary-karting.sk\/cz\/wp-json\/wp\/v2\/types\/product"}],"wp:featuredmedia":[{"embeddable":true,"href":"https:\/\/motokary-karting.sk\/cz\/wp-json\/wp\/v2\/media\/17074"}],"wp:attachment":[{"href":"https:\/\/motokary-karting.sk\/cz\/wp-json\/wp\/v2\/media?parent=17073"}],"wp:term":[{"taxonomy":"product_brand","embeddable":true,"href":"https:\/\/motokary-karting.sk\/cz\/wp-json\/wp\/v2\/product_brand?post=17073"},{"taxonomy":"product_cat","embeddable":true,"href":"https:\/\/motokary-karting.sk\/cz\/wp-json\/wp\/v2\/product_cat?post=17073"},{"taxonomy":"product_tag","embeddable":true,"href":"https:\/\/motokary-karting.sk\/cz\/wp-json\/wp\/v2\/product_tag?post=17073"}],"curies":[{"name":"wp","href":"https:\/\/api.w.org\/{rel}","templated":true}]}}