{"id":1723,"date":"2020-09-04T04:58:47","date_gmt":"2020-09-04T04:58:47","guid":{"rendered":"https:\/\/motokary-karting.sk\/?post_type=product&#038;p=1723"},"modified":"2022-08-08T06:48:02","modified_gmt":"2022-08-08T06:48:02","slug":"h20-kit-pro-sedadla-nek-racing-seats","status":"publish","type":"product","link":"https:\/\/motokary-karting.sk\/cz\/produkt\/h20-kit-pre-sedadla-nek-racing-seats\/","title":{"rendered":"H2o kit pro sedadlo - dr\u017e\u00e1k hadice vodn\u00edho chlazen\u00ed"},"content":{"rendered":"<p>speci\u00e1ln\u00ed dr\u017e\u00e1k sedadla pro hadice vodn\u00edho chlazen\u00ed<\/p>","protected":false},"excerpt":{"rendered":"<p>speci\u00e1ln\u00ed dr\u017e\u00e1k sedadla pro hadice vodn\u00edho chlazen\u00ed<\/p>","protected":false},"featured_media":1724,"template":"","meta":[],"product_brand":[],"product_cat":[280,271,366,279],"product_tag":[1221,437,436,142,81,345,346,347,438,439,1220,278],"class_list":{"0":"post-1723","1":"product","2":"type-product","3":"status-publish","4":"has-post-thumbnail","6":"product_cat-chladice-vody-prislusenstvo","7":"product_cat-nahradne-diely-na-podvozky","8":"product_cat-prislusenstvo-k-sedadlam","9":"product_cat-sedadla-prislusenstvo","10":"product_tag-drziak-vednej-hadice","11":"product_tag-drziak-voadnej-hadice","12":"product_tag-h20-kit","13":"product_tag-karting","14":"product_tag-motokary","15":"product_tag-nek","16":"product_tag-nek-racing","17":"product_tag-nek-racing-seats","18":"product_tag-sedadlo-nek","19":"product_tag-sedadlo-nek-racing","20":"product_tag-x-seats","21":"product_tag-xseats","23":"first","24":"instock","25":"taxable","26":"shipping-taxable","27":"purchasable","28":"product-type-simple","29":"customify-col","30":"product-has-gallery"},"aioseo_notices":[],"_links":{"self":[{"href":"https:\/\/motokary-karting.sk\/cz\/wp-json\/wp\/v2\/product\/1723","targetHints":{"allow":["GET"]}}],"collection":[{"href":"https:\/\/motokary-karting.sk\/cz\/wp-json\/wp\/v2\/product"}],"about":[{"href":"https:\/\/motokary-karting.sk\/cz\/wp-json\/wp\/v2\/types\/product"}],"wp:featuredmedia":[{"embeddable":true,"href":"https:\/\/motokary-karting.sk\/cz\/wp-json\/wp\/v2\/media\/1724"}],"wp:attachment":[{"href":"https:\/\/motokary-karting.sk\/cz\/wp-json\/wp\/v2\/media?parent=1723"}],"wp:term":[{"taxonomy":"product_brand","embeddable":true,"href":"https:\/\/motokary-karting.sk\/cz\/wp-json\/wp\/v2\/product_brand?post=1723"},{"taxonomy":"product_cat","embeddable":true,"href":"https:\/\/motokary-karting.sk\/cz\/wp-json\/wp\/v2\/product_cat?post=1723"},{"taxonomy":"product_tag","embeddable":true,"href":"https:\/\/motokary-karting.sk\/cz\/wp-json\/wp\/v2\/product_tag?post=1723"}],"curies":[{"name":"wp","href":"https:\/\/api.w.org\/{rel}","templated":true}]}}