{"id":17238,"date":"2022-12-10T20:26:49","date_gmt":"2022-12-10T20:26:49","guid":{"rendered":"https:\/\/motokary-karting.sk\/?post_type=product&#038;p=17238"},"modified":"2026-02-11T10:16:57","modified_gmt":"2026-02-11T10:16:57","slug":"prilba-bell-kc7-ev-cmr","status":"publish","type":"product","link":"https:\/\/motokary-karting.sk\/cz\/produkt\/bell-prilba-kc7-ev-cmr\/","title":{"rendered":"P\u0159ilba Bell KC7-EV CMR"},"content":{"rendered":"<p>Verze EV je vybavena stejn\u00fdmi funkcemi jako BELL KC7 CMR a zaujme v\u011bt\u0161\u00edm zorn\u00fdm polem pro lep\u0161\u00ed viditelnost do v\u0161ech stran a orientaci na trati.<\/p>","protected":false},"excerpt":{"rendered":"<p>Verze EV je vybavena stejn\u00fdmi funkcemi jako BELL KC7 CMR a zaujme v\u011bt\u0161\u00edm zorn\u00fdm polem pro lep\u0161\u00ed viditelnost do v\u0161ech stran a orientaci na trati.<\/p>","protected":false},"featured_media":17248,"template":"","meta":[],"product_brand":[],"product_cat":[962,21,18],"product_tag":[963,964,2016,969,976,965,1676,1818,975,1728,142,1344,968,2017,81,2015,1698,1680],"class_list":{"0":"post-17238","1":"product","2":"type-product","3":"status-publish","4":"has-post-thumbnail","6":"product_cat-bell","7":"product_cat-prilby","8":"product_cat-vybava-pretekara","9":"product_tag-bell","10":"product_tag-bell-helmets","11":"product_tag-bell-helmy","12":"product_tag-bell-kc7-cmr","13":"product_tag-bell-kc7-cmr-carbon","14":"product_tag-bell-prilba","15":"product_tag-bell-prilby","16":"product_tag-bell-shop","17":"product_tag-carbon","18":"product_tag-kart-shop","19":"product_tag-karting","20":"product_tag-karting-shop","21":"product_tag-kc7-cmr","22":"product_tag-motokarove-prilby-bell","23":"product_tag-motokary","24":"product_tag-predaj-prilieb-bell","25":"product_tag-predajna-motokar","26":"product_tag-prilba-na-motokaru","28":"first","29":"onbackorder","30":"taxable","31":"shipping-taxable","32":"purchasable","33":"product-type-variable","34":"customify-col","35":"product-has-gallery"},"aioseo_notices":[],"_links":{"self":[{"href":"https:\/\/motokary-karting.sk\/cz\/wp-json\/wp\/v2\/product\/17238","targetHints":{"allow":["GET"]}}],"collection":[{"href":"https:\/\/motokary-karting.sk\/cz\/wp-json\/wp\/v2\/product"}],"about":[{"href":"https:\/\/motokary-karting.sk\/cz\/wp-json\/wp\/v2\/types\/product"}],"wp:featuredmedia":[{"embeddable":true,"href":"https:\/\/motokary-karting.sk\/cz\/wp-json\/wp\/v2\/media\/17248"}],"wp:attachment":[{"href":"https:\/\/motokary-karting.sk\/cz\/wp-json\/wp\/v2\/media?parent=17238"}],"wp:term":[{"taxonomy":"product_brand","embeddable":true,"href":"https:\/\/motokary-karting.sk\/cz\/wp-json\/wp\/v2\/product_brand?post=17238"},{"taxonomy":"product_cat","embeddable":true,"href":"https:\/\/motokary-karting.sk\/cz\/wp-json\/wp\/v2\/product_cat?post=17238"},{"taxonomy":"product_tag","embeddable":true,"href":"https:\/\/motokary-karting.sk\/cz\/wp-json\/wp\/v2\/product_tag?post=17238"}],"curies":[{"name":"wp","href":"https:\/\/api.w.org\/{rel}","templated":true}]}}