{"id":17336,"date":"2022-12-13T18:48:04","date_gmt":"2022-12-13T18:48:04","guid":{"rendered":"https:\/\/motokary-karting.sk\/?post_type=product&#038;p=17336"},"modified":"2026-02-11T10:01:25","modified_gmt":"2026-02-11T10:01:25","slug":"arai-helma-gp-6s","status":"publish","type":"product","link":"https:\/\/motokary-karting.sk\/cz\/produkt\/arai-prilba-gp-6s\/","title":{"rendered":"P\u0159ilba Arai GP-6S"},"content":{"rendered":"<p>V\u0161estrann\u00e1 motoristick\u00e1 p\u0159ilba vyroben\u00e1 ze superkomplexn\u00ed lamin\u00e1tov\u00e9 konstrukce (CLC).<\/p>\n<p>Snadn\u00e9 nasazov\u00e1n\u00ed a sund\u00e1v\u00e1n\u00ed d\u00edky optimalizovan\u00e9mu otev\u00edr\u00e1n\u00ed p\u0159ilby. Inovativn\u00ed syst\u00e9m hled\u00ed s p\u00e1\u010dkou pro snadn\u011bj\u0161\u00ed manipulaci p\u0159i otev\u00edr\u00e1n\u00ed. Zes\u00edlen\u00fd p\u0159edn\u00ed okraj p\u0159ilby pro lep\u0161\u00ed ochranu p\u0159ed n\u00e1razy. Vnit\u0159n\u00ed pod\u0161\u00edvka z neho\u0159lav\u00e9ho a k poko\u017ece \u0161etrn\u00e9ho materi\u00e1lu Nomex.<\/p>\n<p>Klipy HANS jsou sou\u010d\u00e1st\u00ed dod\u00e1vky.<\/p>\n<p>Barva b\u00edl\u00e1<\/p>","protected":false},"excerpt":{"rendered":"<p>V\u0161estrann\u00e1 motoristick\u00e1 p\u0159ilba vyroben\u00e1 ze superkomplexn\u00ed lamin\u00e1tov\u00e9 konstrukce (CLC). Snadno se nasazuje a sund\u00e1v\u00e1 d\u00edky optimalizovan\u00e9mu otev\u00edr\u00e1n\u00ed p\u0159ilby. Inovativn\u00ed syst\u00e9m hled\u00ed s...<\/p>","protected":false},"featured_media":17342,"template":"","meta":[],"product_brand":[],"product_cat":[1678,21,18],"product_tag":[1681,3250,3252,1684,1683,142,1344,984,81,3251,1680,1682,1679],"class_list":{"0":"post-17336","1":"product","2":"type-product","3":"status-publish","4":"has-post-thumbnail","6":"product_cat-arai","7":"product_cat-prilby","8":"product_cat-vybava-pretekara","9":"product_tag-arai","10":"product_tag-arai-gp6","11":"product_tag-arai-gp6-helmet","12":"product_tag-arai-karting-helmt","13":"product_tag-arai-prilba","14":"product_tag-karting","15":"product_tag-karting-shop","16":"product_tag-motokarova-prilba","17":"product_tag-motokary","18":"product_tag-prilba-arai-gp6","19":"product_tag-prilba-na-motokaru","20":"product_tag-prilby-arai","21":"product_tag-prilby-na-motokary","23":"first","24":"onbackorder","25":"taxable","26":"shipping-taxable","27":"purchasable","28":"product-type-variable","29":"customify-col","30":"product-has-gallery"},"aioseo_notices":[],"_links":{"self":[{"href":"https:\/\/motokary-karting.sk\/cz\/wp-json\/wp\/v2\/product\/17336","targetHints":{"allow":["GET"]}}],"collection":[{"href":"https:\/\/motokary-karting.sk\/cz\/wp-json\/wp\/v2\/product"}],"about":[{"href":"https:\/\/motokary-karting.sk\/cz\/wp-json\/wp\/v2\/types\/product"}],"wp:featuredmedia":[{"embeddable":true,"href":"https:\/\/motokary-karting.sk\/cz\/wp-json\/wp\/v2\/media\/17342"}],"wp:attachment":[{"href":"https:\/\/motokary-karting.sk\/cz\/wp-json\/wp\/v2\/media?parent=17336"}],"wp:term":[{"taxonomy":"product_brand","embeddable":true,"href":"https:\/\/motokary-karting.sk\/cz\/wp-json\/wp\/v2\/product_brand?post=17336"},{"taxonomy":"product_cat","embeddable":true,"href":"https:\/\/motokary-karting.sk\/cz\/wp-json\/wp\/v2\/product_cat?post=17336"},{"taxonomy":"product_tag","embeddable":true,"href":"https:\/\/motokary-karting.sk\/cz\/wp-json\/wp\/v2\/product_tag?post=17336"}],"curies":[{"name":"wp","href":"https:\/\/api.w.org\/{rel}","templated":true}]}}