{"id":17397,"date":"2022-12-19T21:58:15","date_gmt":"2022-12-19T21:58:15","guid":{"rendered":"https:\/\/motokary-karting.sk\/?post_type=product&#038;p=17397"},"modified":"2026-04-18T08:13:04","modified_gmt":"2026-04-18T08:13:04","slug":"boty-do-deste-omp","status":"publish","type":"product","link":"https:\/\/motokary-karting.sk\/cz\/produkt\/omp-navleky-do-dazda\/","title":{"rendered":"N\u00e1vleky na boty do de\u0161t\u011b OMP"},"content":{"rendered":"","protected":false},"excerpt":{"rendered":"","protected":false},"featured_media":17403,"template":"","meta":[],"product_brand":[],"product_cat":[92,28,18],"product_tag":[133,142,81,726,727,26,87,725],"class_list":{"0":"post-17397","1":"product","2":"type-product","3":"status-publish","4":"has-post-thumbnail","6":"product_cat-omp-topanky","7":"product_cat-topanky","8":"product_cat-vybava-pretekara","9":"product_tag-dodazda","10":"product_tag-karting","11":"product_tag-motokary","12":"product_tag-navleky","13":"product_tag-navleky-na-topanky","14":"product_tag-sparco","15":"product_tag-topanky","16":"product_tag-topanky-do-dazda","18":"first","19":"instock","20":"sale","21":"taxable","22":"shipping-taxable","23":"purchasable","24":"product-type-variable","25":"customify-col"},"aioseo_notices":[],"_links":{"self":[{"href":"https:\/\/motokary-karting.sk\/cz\/wp-json\/wp\/v2\/product\/17397","targetHints":{"allow":["GET"]}}],"collection":[{"href":"https:\/\/motokary-karting.sk\/cz\/wp-json\/wp\/v2\/product"}],"about":[{"href":"https:\/\/motokary-karting.sk\/cz\/wp-json\/wp\/v2\/types\/product"}],"wp:featuredmedia":[{"embeddable":true,"href":"https:\/\/motokary-karting.sk\/cz\/wp-json\/wp\/v2\/media\/17403"}],"wp:attachment":[{"href":"https:\/\/motokary-karting.sk\/cz\/wp-json\/wp\/v2\/media?parent=17397"}],"wp:term":[{"taxonomy":"product_brand","embeddable":true,"href":"https:\/\/motokary-karting.sk\/cz\/wp-json\/wp\/v2\/product_brand?post=17397"},{"taxonomy":"product_cat","embeddable":true,"href":"https:\/\/motokary-karting.sk\/cz\/wp-json\/wp\/v2\/product_cat?post=17397"},{"taxonomy":"product_tag","embeddable":true,"href":"https:\/\/motokary-karting.sk\/cz\/wp-json\/wp\/v2\/product_tag?post=17397"}],"curies":[{"name":"wp","href":"https:\/\/api.w.org\/{rel}","templated":true}]}}