{"id":17441,"date":"2022-12-20T19:50:52","date_gmt":"2022-12-20T19:50:52","guid":{"rendered":"https:\/\/motokary-karting.sk\/?post_type=product&#038;p=17441"},"modified":"2026-02-11T10:27:19","modified_gmt":"2026-02-11T10:27:19","slug":"alpinestars-chranic-zeber-bionic-copy","status":"publish","type":"product","link":"https:\/\/motokary-karting.sk\/cz\/produkt\/alpinestars-rebrovy-chranic-bionic-kopia\/","title":{"rendered":"Chr\u00e1ni\u010d \u017eeber Stilo FIA Carbon Curva 8870"},"content":{"rendered":"<p>Ultralehk\u00e1 ochrann\u00e1 vesta Stilo, vyvinut\u00e1 a homologovan\u00e1 podle nejnov\u011bj\u0161\u00ed bezpe\u010dnostn\u00ed normy FIA8870-2018. D\u00edky patentovan\u00e9 technologii Stilo je vn\u011bj\u0161\u00ed pl\u00e1\u0161\u0165 z uhl\u00edkov\u00fdch vl\u00e1ken extr\u00e9mn\u011b odoln\u00fd proti n\u00e1razu a superflexibiln\u00ed pro optim\u00e1ln\u00ed kombinaci ochrany a volnosti pohybu. Krom\u011b obvykl\u00fdch prvk\u016f bo\u010dn\u00ed ochrany byl v souladu s normou FIA integrov\u00e1n dodate\u010dn\u00fd chr\u00e1ni\u010d hrudn\u00edku, kter\u00fd chr\u00e1n\u00ed hrudn\u00ed kost. Individu\u00e1ln\u00ed nastaven\u00ed je mo\u017en\u00e9 pomoc\u00ed such\u00fdch zip\u016f na obou ramenou a v oblasti hrudn\u00edku.<br \/>\nN\u00c1\u0160 TIP: Pro optim\u00e1ln\u00ed v\u00fdkon a dlouhou \u017eivotnost ochrann\u00e9 vesty ji doporu\u010dujeme nosit pod kombin\u00e9zou!<\/p>","protected":false},"excerpt":{"rendered":"<p>Ultralehk\u00e1 ochrann\u00e1 vesta Stilo, vyvinut\u00e1 a homologovan\u00e1 podle nejnov\u011bj\u0161\u00ed bezpe\u010dnostn\u00ed normy FIA8870-2018. D\u00edky technologii patentovan\u00e9 spole\u010dnost\u00ed Stilo je vn\u011bj\u0161\u00ed pl\u00e1\u0161\u0165 z uhl\u00edkov\u00fdch vl\u00e1ken extr\u00e9mn\u011b odoln\u00fd v\u016f\u010di...<\/p>","protected":false},"featured_media":17446,"template":"","meta":[],"product_brand":[],"product_cat":[88,18],"product_tag":[142,1344,81,720,3254,1285,1203,3257,89,1590,3258,3255,3256],"class_list":{"0":"post-17441","1":"product","2":"type-product","3":"status-publish","4":"has-post-thumbnail","6":"product_cat-ochrana-rebier","7":"product_cat-vybava-pretekara","8":"product_tag-karting","9":"product_tag-karting-shop","10":"product_tag-motokary","11":"product_tag-ochrana-rebier","12":"product_tag-ochrana-rebier-stilo","13":"product_tag-rebrovy-chranic-alpinestars","14":"product_tag-rebrovy-chranic-na-motokary","15":"product_tag-rebrovy-chranic-stilo","16":"product_tag-rebrovychranic","17":"product_tag-stilo","18":"product_tag-stilo-carbon-rebrovy-chranic","19":"product_tag-stilo-chranic-rebier","20":"product_tag-stilo-rebrovy-chranic","22":"first","23":"onbackorder","24":"taxable","25":"shipping-taxable","26":"purchasable","27":"product-type-variable","28":"customify-col","29":"product-has-gallery"},"aioseo_notices":[],"_links":{"self":[{"href":"https:\/\/motokary-karting.sk\/cz\/wp-json\/wp\/v2\/product\/17441","targetHints":{"allow":["GET"]}}],"collection":[{"href":"https:\/\/motokary-karting.sk\/cz\/wp-json\/wp\/v2\/product"}],"about":[{"href":"https:\/\/motokary-karting.sk\/cz\/wp-json\/wp\/v2\/types\/product"}],"wp:featuredmedia":[{"embeddable":true,"href":"https:\/\/motokary-karting.sk\/cz\/wp-json\/wp\/v2\/media\/17446"}],"wp:attachment":[{"href":"https:\/\/motokary-karting.sk\/cz\/wp-json\/wp\/v2\/media?parent=17441"}],"wp:term":[{"taxonomy":"product_brand","embeddable":true,"href":"https:\/\/motokary-karting.sk\/cz\/wp-json\/wp\/v2\/product_brand?post=17441"},{"taxonomy":"product_cat","embeddable":true,"href":"https:\/\/motokary-karting.sk\/cz\/wp-json\/wp\/v2\/product_cat?post=17441"},{"taxonomy":"product_tag","embeddable":true,"href":"https:\/\/motokary-karting.sk\/cz\/wp-json\/wp\/v2\/product_tag?post=17441"}],"curies":[{"name":"wp","href":"https:\/\/api.w.org\/{rel}","templated":true}]}}