{"id":1767,"date":"2020-07-22T20:32:48","date_gmt":"2020-07-22T20:32:48","guid":{"rendered":"https:\/\/motokary-karting.sk\/?post_type=product&#038;p=1767"},"modified":"2026-01-31T17:43:30","modified_gmt":"2026-01-31T17:43:30","slug":"palivova-nadrz-75l-plast","status":"publish","type":"product","link":"https:\/\/motokary-karting.sk\/cz\/produkt\/palivova-nadrz-75l-plastova\/","title":{"rendered":"Palivov\u00e1 n\u00e1dr\u017e 7,5 l plastov\u00e1"},"content":{"rendered":"<p>balen\u00ed NEOBSAHUJE mont\u00e1\u017en\u00ed dr\u017e\u00e1k, z\u00e1str\u010dku ani vnit\u0159n\u00ed p\u0159\u00edslu\u0161enstv\u00ed.<\/p>","protected":false},"excerpt":{"rendered":"<p>balen\u00ed NEOBSAHUJE mont\u00e1\u017en\u00ed dr\u017e\u00e1k, z\u00e1str\u010dku ani vnit\u0159n\u00ed p\u0159\u00edslu\u0161enstv\u00ed.<\/p>","protected":false},"featured_media":32605,"template":"","meta":[],"product_brand":[],"product_cat":[380,271],"product_tag":[382,142,1344,2309,81,328,2310,381],"class_list":{"0":"post-1767","1":"product","2":"type-product","3":"status-publish","4":"has-post-thumbnail","6":"product_cat-nadrze-prislusenstvo","7":"product_cat-nahradne-diely-na-podvozky","8":"product_tag-benzinova-nadrz","9":"product_tag-karting","10":"product_tag-karting-shop","11":"product_tag-motokarova-nadrz","12":"product_tag-motokary","13":"product_tag-nadrz","14":"product_tag-nadrz-na-motokaru","15":"product_tag-palivova-nadrz","17":"first","18":"instock","19":"taxable","20":"shipping-taxable","21":"purchasable","22":"product-type-simple","23":"customify-col"},"aioseo_notices":[],"_links":{"self":[{"href":"https:\/\/motokary-karting.sk\/cz\/wp-json\/wp\/v2\/product\/1767","targetHints":{"allow":["GET"]}}],"collection":[{"href":"https:\/\/motokary-karting.sk\/cz\/wp-json\/wp\/v2\/product"}],"about":[{"href":"https:\/\/motokary-karting.sk\/cz\/wp-json\/wp\/v2\/types\/product"}],"wp:featuredmedia":[{"embeddable":true,"href":"https:\/\/motokary-karting.sk\/cz\/wp-json\/wp\/v2\/media\/32605"}],"wp:attachment":[{"href":"https:\/\/motokary-karting.sk\/cz\/wp-json\/wp\/v2\/media?parent=1767"}],"wp:term":[{"taxonomy":"product_brand","embeddable":true,"href":"https:\/\/motokary-karting.sk\/cz\/wp-json\/wp\/v2\/product_brand?post=1767"},{"taxonomy":"product_cat","embeddable":true,"href":"https:\/\/motokary-karting.sk\/cz\/wp-json\/wp\/v2\/product_cat?post=1767"},{"taxonomy":"product_tag","embeddable":true,"href":"https:\/\/motokary-karting.sk\/cz\/wp-json\/wp\/v2\/product_tag?post=1767"}],"curies":[{"name":"wp","href":"https:\/\/api.w.org\/{rel}","templated":true}]}}