{"id":18075,"date":"2023-01-04T18:55:16","date_gmt":"2023-01-04T18:55:16","guid":{"rendered":"https:\/\/motokary-karting.sk\/?post_type=product&#038;p=18075"},"modified":"2025-04-19T12:22:06","modified_gmt":"2025-04-19T12:22:06","slug":"sparco-kovadlinkove-chranice-2ks-nove","status":"publish","type":"product","link":"https:\/\/motokary-karting.sk\/cz\/produkt\/sparco-chranice-laktov-2ks-new\/","title":{"rendered":"Chr\u00e1ni\u010de lokt\u016f Sparco (2ks) NOVINKA"},"content":{"rendered":"","protected":false},"excerpt":{"rendered":"","protected":false},"featured_media":18079,"template":"","meta":[],"product_brand":[],"product_cat":[2693,18],"product_tag":[1033,1035,1034,142,81,26],"class_list":{"0":"post-18075","1":"product","2":"type-product","3":"status-publish","4":"has-post-thumbnail","6":"product_cat-chranice-kolien-a-laktov","7":"product_cat-vybava-pretekara","8":"product_tag-chranic-lakta","9":"product_tag-chranic-laktov","10":"product_tag-chranice-laktov","11":"product_tag-karting","12":"product_tag-motokary","13":"product_tag-sparco","15":"first","16":"instock","17":"taxable","18":"shipping-taxable","19":"purchasable","20":"product-type-variable","21":"customify-col","22":"product-has-gallery"},"aioseo_notices":[],"_links":{"self":[{"href":"https:\/\/motokary-karting.sk\/cz\/wp-json\/wp\/v2\/product\/18075","targetHints":{"allow":["GET"]}}],"collection":[{"href":"https:\/\/motokary-karting.sk\/cz\/wp-json\/wp\/v2\/product"}],"about":[{"href":"https:\/\/motokary-karting.sk\/cz\/wp-json\/wp\/v2\/types\/product"}],"wp:featuredmedia":[{"embeddable":true,"href":"https:\/\/motokary-karting.sk\/cz\/wp-json\/wp\/v2\/media\/18079"}],"wp:attachment":[{"href":"https:\/\/motokary-karting.sk\/cz\/wp-json\/wp\/v2\/media?parent=18075"}],"wp:term":[{"taxonomy":"product_brand","embeddable":true,"href":"https:\/\/motokary-karting.sk\/cz\/wp-json\/wp\/v2\/product_brand?post=18075"},{"taxonomy":"product_cat","embeddable":true,"href":"https:\/\/motokary-karting.sk\/cz\/wp-json\/wp\/v2\/product_cat?post=18075"},{"taxonomy":"product_tag","embeddable":true,"href":"https:\/\/motokary-karting.sk\/cz\/wp-json\/wp\/v2\/product_tag?post=18075"}],"curies":[{"name":"wp","href":"https:\/\/api.w.org\/{rel}","templated":true}]}}