{"id":1835,"date":"2020-07-23T07:37:53","date_gmt":"2020-07-23T07:37:53","guid":{"rendered":"https:\/\/motokary-karting.sk\/?post_type=product&#038;p=1835"},"modified":"2022-01-05T21:37:41","modified_gmt":"2022-01-05T21:37:41","slug":"predni-naprava-prava-strana-17mm-105-vicko-8mm","status":"publish","type":"product","link":"https:\/\/motokary-karting.sk\/cz\/produkt\/predna-poloos-prava-strana-17mm-105-cap-8mm\/","title":{"rendered":"P\u0159edn\u00ed poloosa LEV\u00c1 strana 17mm 10,5\u00b0 | \u010dep 8mm"},"content":{"rendered":"","protected":false},"excerpt":{"rendered":"","protected":false},"featured_media":1836,"template":"","meta":[],"product_brand":[],"product_cat":[271,378],"product_tag":[142,1344,81,1336,401,402],"class_list":{"0":"post-1835","1":"product","2":"type-product","3":"status-publish","4":"has-post-thumbnail","6":"product_cat-nahradne-diely-na-podvozky","7":"product_cat-riadenie-prislusenstvo","8":"product_tag-karting","9":"product_tag-karting-shop","10":"product_tag-motokary","11":"product_tag-nahradne-diely-na-motokary","12":"product_tag-poloos","13":"product_tag-prava-predna-poloos","15":"first","16":"onbackorder","17":"taxable","18":"shipping-taxable","19":"purchasable","20":"product-type-simple","21":"customify-col"},"aioseo_notices":[],"_links":{"self":[{"href":"https:\/\/motokary-karting.sk\/cz\/wp-json\/wp\/v2\/product\/1835","targetHints":{"allow":["GET"]}}],"collection":[{"href":"https:\/\/motokary-karting.sk\/cz\/wp-json\/wp\/v2\/product"}],"about":[{"href":"https:\/\/motokary-karting.sk\/cz\/wp-json\/wp\/v2\/types\/product"}],"wp:featuredmedia":[{"embeddable":true,"href":"https:\/\/motokary-karting.sk\/cz\/wp-json\/wp\/v2\/media\/1836"}],"wp:attachment":[{"href":"https:\/\/motokary-karting.sk\/cz\/wp-json\/wp\/v2\/media?parent=1835"}],"wp:term":[{"taxonomy":"product_brand","embeddable":true,"href":"https:\/\/motokary-karting.sk\/cz\/wp-json\/wp\/v2\/product_brand?post=1835"},{"taxonomy":"product_cat","embeddable":true,"href":"https:\/\/motokary-karting.sk\/cz\/wp-json\/wp\/v2\/product_cat?post=1835"},{"taxonomy":"product_tag","embeddable":true,"href":"https:\/\/motokary-karting.sk\/cz\/wp-json\/wp\/v2\/product_tag?post=1835"}],"curies":[{"name":"wp","href":"https:\/\/api.w.org\/{rel}","templated":true}]}}