{"id":18360,"date":"2023-12-21T15:00:56","date_gmt":"2023-12-21T15:00:56","guid":{"rendered":"https:\/\/motokary-karting.sk\/?post_type=product&#038;p=18360"},"modified":"2026-01-28T18:34:28","modified_gmt":"2026-01-28T18:34:28","slug":"alpinestars-boty-tech-1kz-v2","status":"publish","type":"product","link":"https:\/\/motokary-karting.sk\/cz\/produkt\/alpinestars-topanky-tech-1kz-v2\/","title":{"rendered":"Boty Alpinestars Tech 1KZ v2"},"content":{"rendered":"<p>\u0160pi\u010dkov\u00e9 motok\u00e1rov\u00e9 boty Alpinestars ur\u010duj\u00ed standardy: beze\u0161v\u00e9 zpracov\u00e1n\u00ed ultratenk\u00e9ho a superlehk\u00e9ho materi\u00e1lu podle anatomick\u00fdch specifikac\u00ed znamen\u00e1, \u017ee motok\u00e1rov\u00e1 obuv TECH 1KZ v2 je t\u00e9m\u011b\u0159 nec\u00edtiteln\u00e1 a kombinuje maxim\u00e1ln\u00ed pohodl\u00ed s optim\u00e1ln\u00edm pocitem p\u0159i \u0161lap\u00e1n\u00ed. Dvojit\u00e9 zap\u00edn\u00e1n\u00ed na such\u00fd zip v oblasti n\u00e1rtu a horn\u00edho l\u00edmce zaji\u0161\u0165uje dokonal\u00e9 a bezpe\u010dn\u00e9 uchycen\u00ed. ultratenk\u00e1 podr\u00e1\u017eka F1 pro bezkonkuren\u010dn\u00ed cit p\u0159i \u0161lap\u00e1n\u00ed.<\/p>\n<p>&nbsp;<\/p>\n<p>Zna\u010dka Alpinestars je nyn\u00ed hojn\u011b vyu\u017e\u00edv\u00e1na v cel\u00e9m motorsportu.<br \/>\nJezdci jako Nico H\u00fclkenberg nos\u00ed z\u00e1vodn\u00ed kombin\u00e9zy Alpinestars. Tato \u0159ada v\u0161ak nespl\u0148uje pouze po\u017eadavky profesion\u00e1l\u016f. Za\u010d\u00e1te\u010dn\u00edci s ni\u017e\u0161\u00edm rozpo\u010dtem tak mohou stejn\u011b dob\u0159e t\u011b\u017eit ze zku\u0161enost\u00ed \u0161pi\u010dkov\u00e9ho sektoru, ani\u017e by se museli vzd\u00e1t m\u00f3dn\u00edho designu.<\/p>\n<p>Pro aktu\u00e1ln\u00ed sez\u00f3nu Alpinestars op\u011bt optimalizoval a roz\u0161\u00ed\u0159il svou nab\u00eddku. P\u0159ehled z\u00e1vodn\u00edho a motok\u00e1rov\u00e9ho oble\u010den\u00ed Alpinestars najdete v na\u0161em obchod\u011b. Tam si m\u016f\u017eete snadno porovnat aktu\u00e1ln\u00ed kombin\u00e9zy, boty a rukavice i rozs\u00e1hlou nab\u00eddku motorsportov\u00e9ho spodn\u00edho pr\u00e1dla a ihned objednat.<\/p>","protected":false},"excerpt":{"rendered":"<p>\u0160pi\u010dkov\u00e9 motok\u00e1rov\u00e9 boty Alpinestars ur\u010duj\u00ed standardy: beze\u0161v\u00e9 zpracov\u00e1n\u00ed ultratenk\u00e9ho a superlehk\u00e9ho materi\u00e1lu podle anatomick\u00fdch specifikac\u00ed znamen\u00e1, \u017ee motok\u00e1rov\u00e9 boty TECH 1KZ v2 t\u00e9m\u011b\u0159 nec\u00edt\u00edte a...<\/p>","protected":false},"featured_media":21340,"template":"","meta":[],"product_brand":[],"product_cat":[86,28,18],"product_tag":[79,1581,1835,1486,1728,142,1344,1727,940,1582,81,87,1726],"class_list":{"0":"post-18360","1":"product","2":"type-product","3":"status-publish","4":"has-post-thumbnail","6":"product_cat-alpinestars-topanky","7":"product_cat-topanky","8":"product_cat-vybava-pretekara","9":"product_tag-alpinestars","10":"product_tag-alpinestars-topanky-na-motokary","11":"product_tag-alpinestars-topanky-tech-1kx","12":"product_tag-detske-topanky-na-motokary","13":"product_tag-kart-shop","14":"product_tag-karting","15":"product_tag-karting-shop","16":"product_tag-kartingove-topanky","17":"product_tag-motokarove-topanky","18":"product_tag-motokarove-topanky-alpinestars","19":"product_tag-motokary","20":"product_tag-topanky","21":"product_tag-topanky-alpinestars-tech-1k-start-v2","23":"first","24":"onbackorder","25":"taxable","26":"shipping-taxable","27":"purchasable","28":"product-type-variable","29":"customify-col","30":"product-has-gallery"},"aioseo_notices":[],"_links":{"self":[{"href":"https:\/\/motokary-karting.sk\/cz\/wp-json\/wp\/v2\/product\/18360","targetHints":{"allow":["GET"]}}],"collection":[{"href":"https:\/\/motokary-karting.sk\/cz\/wp-json\/wp\/v2\/product"}],"about":[{"href":"https:\/\/motokary-karting.sk\/cz\/wp-json\/wp\/v2\/types\/product"}],"wp:featuredmedia":[{"embeddable":true,"href":"https:\/\/motokary-karting.sk\/cz\/wp-json\/wp\/v2\/media\/21340"}],"wp:attachment":[{"href":"https:\/\/motokary-karting.sk\/cz\/wp-json\/wp\/v2\/media?parent=18360"}],"wp:term":[{"taxonomy":"product_brand","embeddable":true,"href":"https:\/\/motokary-karting.sk\/cz\/wp-json\/wp\/v2\/product_brand?post=18360"},{"taxonomy":"product_cat","embeddable":true,"href":"https:\/\/motokary-karting.sk\/cz\/wp-json\/wp\/v2\/product_cat?post=18360"},{"taxonomy":"product_tag","embeddable":true,"href":"https:\/\/motokary-karting.sk\/cz\/wp-json\/wp\/v2\/product_tag?post=18360"}],"curies":[{"name":"wp","href":"https:\/\/api.w.org\/{rel}","templated":true}]}}