{"id":1842,"date":"2020-07-23T07:41:22","date_gmt":"2020-07-23T07:41:22","guid":{"rendered":"https:\/\/motokary-karting.sk\/?post_type=product&#038;p=1842"},"modified":"2025-05-30T05:16:34","modified_gmt":"2025-05-30T05:16:34","slug":"predni-naprava-leva-strana-25-mm-105","status":"publish","type":"product","link":"https:\/\/motokary-karting.sk\/cz\/produkt\/predna-poloos-lava-strana-25mm-105\/","title":{"rendered":"P\u0159edn\u00ed poloosa LEV\u00c1 strana 25mm 10,5\u00b0"},"content":{"rendered":"","protected":false},"excerpt":{"rendered":"<p>Dod\u00e1n\u00ed do 7 dn\u016f<\/p>","protected":false},"featured_media":1840,"template":"","meta":[],"product_brand":[],"product_cat":[271,378],"product_tag":[142,81,401,402],"class_list":{"0":"post-1842","1":"product","2":"type-product","3":"status-publish","4":"has-post-thumbnail","6":"product_cat-nahradne-diely-na-podvozky","7":"product_cat-riadenie-prislusenstvo","8":"product_tag-karting","9":"product_tag-motokary","10":"product_tag-poloos","11":"product_tag-prava-predna-poloos","13":"first","14":"onbackorder","15":"taxable","16":"shipping-taxable","17":"purchasable","18":"product-type-simple","19":"customify-col"},"aioseo_notices":[],"_links":{"self":[{"href":"https:\/\/motokary-karting.sk\/cz\/wp-json\/wp\/v2\/product\/1842","targetHints":{"allow":["GET"]}}],"collection":[{"href":"https:\/\/motokary-karting.sk\/cz\/wp-json\/wp\/v2\/product"}],"about":[{"href":"https:\/\/motokary-karting.sk\/cz\/wp-json\/wp\/v2\/types\/product"}],"wp:featuredmedia":[{"embeddable":true,"href":"https:\/\/motokary-karting.sk\/cz\/wp-json\/wp\/v2\/media\/1840"}],"wp:attachment":[{"href":"https:\/\/motokary-karting.sk\/cz\/wp-json\/wp\/v2\/media?parent=1842"}],"wp:term":[{"taxonomy":"product_brand","embeddable":true,"href":"https:\/\/motokary-karting.sk\/cz\/wp-json\/wp\/v2\/product_brand?post=1842"},{"taxonomy":"product_cat","embeddable":true,"href":"https:\/\/motokary-karting.sk\/cz\/wp-json\/wp\/v2\/product_cat?post=1842"},{"taxonomy":"product_tag","embeddable":true,"href":"https:\/\/motokary-karting.sk\/cz\/wp-json\/wp\/v2\/product_tag?post=1842"}],"curies":[{"name":"wp","href":"https:\/\/api.w.org\/{rel}","templated":true}]}}