{"id":1847,"date":"2020-07-23T07:46:59","date_gmt":"2020-07-23T07:46:59","guid":{"rendered":"https:\/\/motokary-karting.sk\/?post_type=product&#038;p=1847"},"modified":"2026-03-24T15:22:42","modified_gmt":"2026-03-24T15:22:42","slug":"vicko-predni-napravy-10mm-110mm","status":"publish","type":"product","link":"https:\/\/motokary-karting.sk\/cz\/produkt\/cap-prednej-poloosi-10mm-110mm\/","title":{"rendered":"\u010cep p\u0159edn\u00ed n\u00e1pravy 10 mm 110 mm"},"content":{"rendered":"","protected":false},"excerpt":{"rendered":"<p>Dod\u00e1n\u00ed do 7 dn\u016f<\/p>","protected":false},"featured_media":1848,"template":"","meta":[],"product_brand":[],"product_cat":[271,378],"product_tag":[403,404,405,142,81],"class_list":{"0":"post-1847","1":"product","2":"type-product","3":"status-publish","4":"has-post-thumbnail","6":"product_cat-nahradne-diely-na-podvozky","7":"product_cat-riadenie-prislusenstvo","8":"product_tag-cap","9":"product_tag-cap-poloosi","10":"product_tag-cap-prednej-poloosi","11":"product_tag-karting","12":"product_tag-motokary","14":"first","15":"onbackorder","16":"taxable","17":"shipping-taxable","18":"purchasable","19":"product-type-simple","20":"customify-col"},"aioseo_notices":[],"_links":{"self":[{"href":"https:\/\/motokary-karting.sk\/cz\/wp-json\/wp\/v2\/product\/1847","targetHints":{"allow":["GET"]}}],"collection":[{"href":"https:\/\/motokary-karting.sk\/cz\/wp-json\/wp\/v2\/product"}],"about":[{"href":"https:\/\/motokary-karting.sk\/cz\/wp-json\/wp\/v2\/types\/product"}],"wp:featuredmedia":[{"embeddable":true,"href":"https:\/\/motokary-karting.sk\/cz\/wp-json\/wp\/v2\/media\/1848"}],"wp:attachment":[{"href":"https:\/\/motokary-karting.sk\/cz\/wp-json\/wp\/v2\/media?parent=1847"}],"wp:term":[{"taxonomy":"product_brand","embeddable":true,"href":"https:\/\/motokary-karting.sk\/cz\/wp-json\/wp\/v2\/product_brand?post=1847"},{"taxonomy":"product_cat","embeddable":true,"href":"https:\/\/motokary-karting.sk\/cz\/wp-json\/wp\/v2\/product_cat?post=1847"},{"taxonomy":"product_tag","embeddable":true,"href":"https:\/\/motokary-karting.sk\/cz\/wp-json\/wp\/v2\/product_tag?post=1847"}],"curies":[{"name":"wp","href":"https:\/\/api.w.org\/{rel}","templated":true}]}}