{"id":1851,"date":"2020-07-23T07:50:35","date_gmt":"2020-07-23T07:50:35","guid":{"rendered":"https:\/\/motokary-karting.sk\/?post_type=product&#038;p=1851"},"modified":"2025-02-27T17:56:55","modified_gmt":"2025-02-27T17:56:55","slug":"nastavitelna-podlozka-predni-napravy-8-mm","status":"publish","type":"product","link":"https:\/\/motokary-karting.sk\/cz\/produkt\/nastavitelna-podlozka-prednej-poloosi-8mm\/","title":{"rendered":"Nastaviteln\u00e1 podlo\u017eka p\u0159edn\u00ed n\u00e1pravy 8 mm - SADA 2 kus\u016f"},"content":{"rendered":"","protected":false},"excerpt":{"rendered":"","protected":false},"featured_media":1852,"template":"","meta":[],"product_brand":[],"product_cat":[271,378],"product_tag":[403,404,405,530,532,528,1728,142,1344,81,406,529],"class_list":{"0":"post-1851","1":"product","2":"type-product","3":"status-publish","4":"has-post-thumbnail","6":"product_cat-nahradne-diely-na-podvozky","7":"product_cat-riadenie-prislusenstvo","8":"product_tag-cap","9":"product_tag-cap-poloosi","10":"product_tag-cap-prednej-poloosi","11":"product_tag-caster","12":"product_tag-caster-adjustment","13":"product_tag-cc-solver-caster-adjustmnent","14":"product_tag-kart-shop","15":"product_tag-karting","16":"product_tag-karting-shop","17":"product_tag-motokary","18":"product_tag-podlozka","19":"product_tag-solver","21":"first","22":"onbackorder","23":"taxable","24":"shipping-taxable","25":"purchasable","26":"product-type-simple","27":"customify-col"},"aioseo_notices":[],"_links":{"self":[{"href":"https:\/\/motokary-karting.sk\/cz\/wp-json\/wp\/v2\/product\/1851","targetHints":{"allow":["GET"]}}],"collection":[{"href":"https:\/\/motokary-karting.sk\/cz\/wp-json\/wp\/v2\/product"}],"about":[{"href":"https:\/\/motokary-karting.sk\/cz\/wp-json\/wp\/v2\/types\/product"}],"wp:featuredmedia":[{"embeddable":true,"href":"https:\/\/motokary-karting.sk\/cz\/wp-json\/wp\/v2\/media\/1852"}],"wp:attachment":[{"href":"https:\/\/motokary-karting.sk\/cz\/wp-json\/wp\/v2\/media?parent=1851"}],"wp:term":[{"taxonomy":"product_brand","embeddable":true,"href":"https:\/\/motokary-karting.sk\/cz\/wp-json\/wp\/v2\/product_brand?post=1851"},{"taxonomy":"product_cat","embeddable":true,"href":"https:\/\/motokary-karting.sk\/cz\/wp-json\/wp\/v2\/product_cat?post=1851"},{"taxonomy":"product_tag","embeddable":true,"href":"https:\/\/motokary-karting.sk\/cz\/wp-json\/wp\/v2\/product_tag?post=1851"}],"curies":[{"name":"wp","href":"https:\/\/api.w.org\/{rel}","templated":true}]}}