{"id":1853,"date":"2020-07-23T07:52:41","date_gmt":"2020-07-23T07:52:41","guid":{"rendered":"https:\/\/motokary-karting.sk\/?post_type=product&#038;p=1853"},"modified":"2021-02-10T16:28:40","modified_gmt":"2021-02-10T16:28:40","slug":"nastavitelna-podlozka-predni-napravy-10-mm","status":"publish","type":"product","link":"https:\/\/motokary-karting.sk\/cz\/produkt\/nastavitelna-podlozka-prednej-poloosi-10mm\/","title":{"rendered":"Nastaviteln\u00e1 excentrick\u00e1 podlo\u017eka p\u0159edn\u00ed n\u00e1pravy \u00d81: 8 mm, \u00d82: 10 mm; SW: 19 mm - SADA 2 ks"},"content":{"rendered":"","protected":false},"excerpt":{"rendered":"<p>Dod\u00e1n\u00ed do 7 dn\u016f<\/p>","protected":false},"featured_media":1855,"template":"","meta":[],"product_brand":[],"product_cat":[271,378],"product_tag":[531,403,404,405,530,532,528,142,81,406,407,401,529,533],"class_list":{"0":"post-1853","1":"product","2":"type-product","3":"status-publish","4":"has-post-thumbnail","6":"product_cat-nahradne-diely-na-podvozky","7":"product_cat-riadenie-prislusenstvo","8":"product_tag-adjustment","9":"product_tag-cap","10":"product_tag-cap-poloosi","11":"product_tag-cap-prednej-poloosi","12":"product_tag-caster","13":"product_tag-caster-adjustment","14":"product_tag-cc-solver-caster-adjustmnent","15":"product_tag-karting","16":"product_tag-motokary","17":"product_tag-podlozka","18":"product_tag-podlozka-poloosi","19":"product_tag-poloos","20":"product_tag-solver","21":"product_tag-solver-caster","23":"first","24":"onbackorder","25":"taxable","26":"shipping-taxable","27":"purchasable","28":"product-type-simple","29":"customify-col"},"aioseo_notices":[],"_links":{"self":[{"href":"https:\/\/motokary-karting.sk\/cz\/wp-json\/wp\/v2\/product\/1853","targetHints":{"allow":["GET"]}}],"collection":[{"href":"https:\/\/motokary-karting.sk\/cz\/wp-json\/wp\/v2\/product"}],"about":[{"href":"https:\/\/motokary-karting.sk\/cz\/wp-json\/wp\/v2\/types\/product"}],"wp:featuredmedia":[{"embeddable":true,"href":"https:\/\/motokary-karting.sk\/cz\/wp-json\/wp\/v2\/media\/1855"}],"wp:attachment":[{"href":"https:\/\/motokary-karting.sk\/cz\/wp-json\/wp\/v2\/media?parent=1853"}],"wp:term":[{"taxonomy":"product_brand","embeddable":true,"href":"https:\/\/motokary-karting.sk\/cz\/wp-json\/wp\/v2\/product_brand?post=1853"},{"taxonomy":"product_cat","embeddable":true,"href":"https:\/\/motokary-karting.sk\/cz\/wp-json\/wp\/v2\/product_cat?post=1853"},{"taxonomy":"product_tag","embeddable":true,"href":"https:\/\/motokary-karting.sk\/cz\/wp-json\/wp\/v2\/product_tag?post=1853"}],"curies":[{"name":"wp","href":"https:\/\/api.w.org\/{rel}","templated":true}]}}