{"id":18633,"date":"2024-12-13T22:38:33","date_gmt":"2024-12-13T22:38:33","guid":{"rendered":"https:\/\/motokary-karting.sk\/?post_type=product&#038;p=18633"},"modified":"2024-12-14T12:42:20","modified_gmt":"2024-12-14T12:42:20","slug":"bunda-sparco-tech-light-shell","status":"publish","type":"product","link":"https:\/\/motokary-karting.sk\/cz\/produkt\/sparco-bunda-tech-light-shell\/","title":{"rendered":"Bunda Sparco Tech Light-Shell Jacket"},"content":{"rendered":"<p>Softshellov\u00e1 bunda Sparco Teamwork se stoj\u00e1\u010dkem a r\u016fzn\u00fdmi kapsami na zip. Vlo\u017eky ruk\u00e1v\u016f odoln\u00e9 proti od\u011bru. Reflexn\u00ed prvky na ramenou a ruk\u00e1vech pro v\u011bt\u0161\u00ed bezpe\u010dnost.<\/p>\n<p>Materi\u00e1l: 90% nylon, 10% spandex<\/p>","protected":false},"excerpt":{"rendered":"<p>Softshellov\u00e1 bunda Sparco Teamwork se stoj\u00e1\u010dkem a r\u016fzn\u00fdmi kapsami na zip. Vlo\u017eky ruk\u00e1v\u016f odoln\u00e9 proti od\u011bru. Reflexn\u00ed prvky na ramenou a ruk\u00e1vech pro lep\u0161\u00ed viditelnost....<\/p>","protected":false},"featured_media":27219,"template":"","meta":[],"product_brand":[],"product_cat":[2916,32,1458],"product_tag":[3073,3059,3061,3058,1728,142,213,1421,3078,81,26,1419,1418,3057,3060,1420,1755,3080,3079],"class_list":{"0":"post-18633","1":"product","2":"type-product","3":"status-publish","4":"has-post-thumbnail","6":"product_cat-bundy","7":"product_cat-lifestyle-oblecenie-a-produkty-na-volny-cas","8":"product_cat-martini-racing","9":"product_tag-bunda-martini-racing","10":"product_tag-bunda-na-zips","11":"product_tag-bunda-na-zips-sparco","12":"product_tag-bunda-sparco","13":"product_tag-kart-shop","14":"product_tag-karting","15":"product_tag-lifestyle","16":"product_tag-martini-racing","17":"product_tag-martini-racing-bunda","18":"product_tag-motokary","19":"product_tag-sparco","20":"product_tag-sparco-bomber","21":"product_tag-sparco-bomber-bunda","22":"product_tag-sparco-bunda","23":"product_tag-sparco-bunda-na-zips","24":"product_tag-sparco-martini-racing","25":"product_tag-sparco-shop","26":"product_tag-sparco-vetrovka","27":"product_tag-vetrovka-sparco","29":"first","30":"onbackorder","31":"taxable","32":"shipping-taxable","33":"purchasable","34":"product-type-variable","35":"customify-col","36":"product-has-gallery"},"aioseo_notices":[],"_links":{"self":[{"href":"https:\/\/motokary-karting.sk\/cz\/wp-json\/wp\/v2\/product\/18633","targetHints":{"allow":["GET"]}}],"collection":[{"href":"https:\/\/motokary-karting.sk\/cz\/wp-json\/wp\/v2\/product"}],"about":[{"href":"https:\/\/motokary-karting.sk\/cz\/wp-json\/wp\/v2\/types\/product"}],"wp:featuredmedia":[{"embeddable":true,"href":"https:\/\/motokary-karting.sk\/cz\/wp-json\/wp\/v2\/media\/27219"}],"wp:attachment":[{"href":"https:\/\/motokary-karting.sk\/cz\/wp-json\/wp\/v2\/media?parent=18633"}],"wp:term":[{"taxonomy":"product_brand","embeddable":true,"href":"https:\/\/motokary-karting.sk\/cz\/wp-json\/wp\/v2\/product_brand?post=18633"},{"taxonomy":"product_cat","embeddable":true,"href":"https:\/\/motokary-karting.sk\/cz\/wp-json\/wp\/v2\/product_cat?post=18633"},{"taxonomy":"product_tag","embeddable":true,"href":"https:\/\/motokary-karting.sk\/cz\/wp-json\/wp\/v2\/product_tag?post=18633"}],"curies":[{"name":"wp","href":"https:\/\/api.w.org\/{rel}","templated":true}]}}