{"id":1864,"date":"2020-07-23T08:11:02","date_gmt":"2020-07-23T08:11:02","guid":{"rendered":"https:\/\/motokary-karting.sk\/?post_type=product&#038;p=1864"},"modified":"2024-03-06T10:03:09","modified_gmt":"2024-03-06T10:03:09","slug":"naboj-predniho-kola-hlinikovy-cerny-25mm-delka-75mm","status":"publish","type":"product","link":"https:\/\/motokary-karting.sk\/cz\/produkt\/predny-naboj-kolesa-hlinikovy-cierny-25mm-dlzka-75mm\/","title":{"rendered":"N\u00e1boj p\u0159edn\u00edho kola hlin\u00edkov\u00fd \u010dern\u00fd 25mm d\u00e9lka 75mm"},"content":{"rendered":"","protected":false},"excerpt":{"rendered":"<p>Zbo\u017e\u00ed na sklad\u011b je expedov\u00e1no okam\u017eit\u011b<\/p>","protected":false},"featured_media":1865,"template":"","meta":[],"product_brand":[],"product_cat":[399,271,649],"product_tag":[81,297,408,409],"class_list":{"0":"post-1864","1":"product","2":"type-product","3":"status-publish","4":"has-post-thumbnail","6":"product_cat-naboje-a-unasace","7":"product_cat-nahradne-diely-na-podvozky","8":"product_cat-o-25mm","9":"product_tag-motokary","10":"product_tag-naboj","11":"product_tag-naboj-kolesa","12":"product_tag-predny-naboj","14":"first","15":"onbackorder","16":"taxable","17":"shipping-taxable","18":"purchasable","19":"product-type-simple","20":"customify-col"},"aioseo_notices":[],"_links":{"self":[{"href":"https:\/\/motokary-karting.sk\/cz\/wp-json\/wp\/v2\/product\/1864","targetHints":{"allow":["GET"]}}],"collection":[{"href":"https:\/\/motokary-karting.sk\/cz\/wp-json\/wp\/v2\/product"}],"about":[{"href":"https:\/\/motokary-karting.sk\/cz\/wp-json\/wp\/v2\/types\/product"}],"wp:featuredmedia":[{"embeddable":true,"href":"https:\/\/motokary-karting.sk\/cz\/wp-json\/wp\/v2\/media\/1865"}],"wp:attachment":[{"href":"https:\/\/motokary-karting.sk\/cz\/wp-json\/wp\/v2\/media?parent=1864"}],"wp:term":[{"taxonomy":"product_brand","embeddable":true,"href":"https:\/\/motokary-karting.sk\/cz\/wp-json\/wp\/v2\/product_brand?post=1864"},{"taxonomy":"product_cat","embeddable":true,"href":"https:\/\/motokary-karting.sk\/cz\/wp-json\/wp\/v2\/product_cat?post=1864"},{"taxonomy":"product_tag","embeddable":true,"href":"https:\/\/motokary-karting.sk\/cz\/wp-json\/wp\/v2\/product_tag?post=1864"}],"curies":[{"name":"wp","href":"https:\/\/api.w.org\/{rel}","templated":true}]}}