{"id":18702,"date":"2024-12-14T11:34:30","date_gmt":"2024-12-14T11:34:30","guid":{"rendered":"https:\/\/motokary-karting.sk\/?post_type=product&#038;p=18702"},"modified":"2024-12-14T13:01:50","modified_gmt":"2024-12-14T13:01:50","slug":"technicka-bunda-sparco-se-zipem-na-kapuci","status":"publish","type":"product","link":"https:\/\/motokary-karting.sk\/cz\/produkt\/sparco-bunda-tech-s-kapucou-na-zips\/","title":{"rendered":"Kapuce Sparco Tech se zipem"},"content":{"rendered":"<p>Bunda Sparco Teamwork s kapuc\u00ed a od\u011bruvzdorn\u00fdmi vlo\u017ekami na ruk\u00e1vech. Reflexn\u00ed prvky na ramenou a ruk\u00e1vech pro v\u011bt\u0161\u00ed bezpe\u010dnost.<\/p>\n<p>80% bavlna, 20% polyester<\/p>","protected":false},"excerpt":{"rendered":"<p>Bunda Sparco Teamwork s kapuc\u00ed a od\u011bruvzdorn\u00fdmi vlo\u017ekami na ruk\u00e1vech. Reflexn\u00ed prvky na ramenou a ruk\u00e1vech pro v\u011bt\u0161\u00ed bezpe\u010dnost. Bavlna 80%, polyester 20%.<\/p>","protected":false},"featured_media":27312,"template":"","meta":[],"product_brand":[],"product_cat":[2916,32,1458,1008],"product_tag":[3073,3059,3061,3058,1728,142,213,1421,3078,81,26,1419,1418,3057,3060,1420,1755,3080,3079],"class_list":{"0":"post-18702","1":"product","2":"type-product","3":"status-publish","4":"has-post-thumbnail","6":"product_cat-bundy","7":"product_cat-lifestyle-oblecenie-a-produkty-na-volny-cas","8":"product_cat-martini-racing","9":"product_cat-mikiny","10":"product_tag-bunda-martini-racing","11":"product_tag-bunda-na-zips","12":"product_tag-bunda-na-zips-sparco","13":"product_tag-bunda-sparco","14":"product_tag-kart-shop","15":"product_tag-karting","16":"product_tag-lifestyle","17":"product_tag-martini-racing","18":"product_tag-martini-racing-bunda","19":"product_tag-motokary","20":"product_tag-sparco","21":"product_tag-sparco-bomber","22":"product_tag-sparco-bomber-bunda","23":"product_tag-sparco-bunda","24":"product_tag-sparco-bunda-na-zips","25":"product_tag-sparco-martini-racing","26":"product_tag-sparco-shop","27":"product_tag-sparco-vetrovka","28":"product_tag-vetrovka-sparco","30":"first","31":"onbackorder","32":"taxable","33":"shipping-taxable","34":"purchasable","35":"product-type-variable","36":"customify-col","37":"product-has-gallery"},"aioseo_notices":[],"_links":{"self":[{"href":"https:\/\/motokary-karting.sk\/cz\/wp-json\/wp\/v2\/product\/18702","targetHints":{"allow":["GET"]}}],"collection":[{"href":"https:\/\/motokary-karting.sk\/cz\/wp-json\/wp\/v2\/product"}],"about":[{"href":"https:\/\/motokary-karting.sk\/cz\/wp-json\/wp\/v2\/types\/product"}],"wp:featuredmedia":[{"embeddable":true,"href":"https:\/\/motokary-karting.sk\/cz\/wp-json\/wp\/v2\/media\/27312"}],"wp:attachment":[{"href":"https:\/\/motokary-karting.sk\/cz\/wp-json\/wp\/v2\/media?parent=18702"}],"wp:term":[{"taxonomy":"product_brand","embeddable":true,"href":"https:\/\/motokary-karting.sk\/cz\/wp-json\/wp\/v2\/product_brand?post=18702"},{"taxonomy":"product_cat","embeddable":true,"href":"https:\/\/motokary-karting.sk\/cz\/wp-json\/wp\/v2\/product_cat?post=18702"},{"taxonomy":"product_tag","embeddable":true,"href":"https:\/\/motokary-karting.sk\/cz\/wp-json\/wp\/v2\/product_tag?post=18702"}],"curies":[{"name":"wp","href":"https:\/\/api.w.org\/{rel}","templated":true}]}}