{"id":18764,"date":"2023-01-07T11:49:27","date_gmt":"2023-01-07T11:49:27","guid":{"rendered":"https:\/\/motokary-karting.sk\/?post_type=product&#038;p=18764"},"modified":"2024-02-15T12:27:55","modified_gmt":"2024-02-15T12:27:55","slug":"zavodni-bunda-sparco-soft-shell-martini","status":"publish","type":"product","link":"https:\/\/motokary-karting.sk\/cz\/produkt\/sparco-bunda-soft-shell-martini-racing\/","title":{"rendered":"Bunda Sparco Soft Shell Martini Racing"},"content":{"rendered":"<p>Funk\u010dn\u00ed hybridn\u00ed bunda v legend\u00e1rn\u00edm designu MARTINI RACING. Je vyrobena ze sm\u011bsi v\u011btruodoln\u00e9 softshellov\u00e9 tkaniny a stre\u010dov\u00e9 elastick\u00e9 tkaniny. St\u0159\u00edd\u00e1n\u00ed hladk\u00fdch a pro\u0161\u00edvan\u00fdch d\u00edl\u016f, stejn\u011b jako r\u016fzn\u00e9 materi\u00e1ly, kter\u00e9 tvo\u0159\u00ed tento model, dod\u00e1vaj\u00ed bund\u011b eleganci a funk\u010dnost.<\/p>\n<p>100% polyester<\/p>","protected":false},"excerpt":{"rendered":"<p>Funk\u010dn\u00ed hybridn\u00ed bunda v legend\u00e1rn\u00edm designu MARTINI RACING. Je vyrobena ze sm\u011bsi v\u011btruodoln\u00e9 softshellov\u00e9 tkaniny a stre\u010dov\u00e9 elastick\u00e9 tkaniny. St\u0159\u00edd\u00e1n\u00ed hladk\u00fdch a pro\u0161\u00edvan\u00fdch \u010d\u00e1st\u00ed, stejn\u011b tak jako...<\/p>","protected":false},"featured_media":18805,"template":"","meta":[],"product_brand":[],"product_cat":[2916,32,1458],"product_tag":[3073,3059,3061,3058,1728,142,213,1421,3078,81,26,1419,1418,3057,3060,1420,1755,3080,3079],"class_list":{"0":"post-18764","1":"product","2":"type-product","3":"status-publish","4":"has-post-thumbnail","6":"product_cat-bundy","7":"product_cat-lifestyle-oblecenie-a-produkty-na-volny-cas","8":"product_cat-martini-racing","9":"product_tag-bunda-martini-racing","10":"product_tag-bunda-na-zips","11":"product_tag-bunda-na-zips-sparco","12":"product_tag-bunda-sparco","13":"product_tag-kart-shop","14":"product_tag-karting","15":"product_tag-lifestyle","16":"product_tag-martini-racing","17":"product_tag-martini-racing-bunda","18":"product_tag-motokary","19":"product_tag-sparco","20":"product_tag-sparco-bomber","21":"product_tag-sparco-bomber-bunda","22":"product_tag-sparco-bunda","23":"product_tag-sparco-bunda-na-zips","24":"product_tag-sparco-martini-racing","25":"product_tag-sparco-shop","26":"product_tag-sparco-vetrovka","27":"product_tag-vetrovka-sparco","29":"first","30":"onbackorder","31":"taxable","32":"shipping-taxable","33":"purchasable","34":"product-type-variable","35":"customify-col","36":"product-has-gallery"},"aioseo_notices":[],"_links":{"self":[{"href":"https:\/\/motokary-karting.sk\/cz\/wp-json\/wp\/v2\/product\/18764","targetHints":{"allow":["GET"]}}],"collection":[{"href":"https:\/\/motokary-karting.sk\/cz\/wp-json\/wp\/v2\/product"}],"about":[{"href":"https:\/\/motokary-karting.sk\/cz\/wp-json\/wp\/v2\/types\/product"}],"wp:featuredmedia":[{"embeddable":true,"href":"https:\/\/motokary-karting.sk\/cz\/wp-json\/wp\/v2\/media\/18805"}],"wp:attachment":[{"href":"https:\/\/motokary-karting.sk\/cz\/wp-json\/wp\/v2\/media?parent=18764"}],"wp:term":[{"taxonomy":"product_brand","embeddable":true,"href":"https:\/\/motokary-karting.sk\/cz\/wp-json\/wp\/v2\/product_brand?post=18764"},{"taxonomy":"product_cat","embeddable":true,"href":"https:\/\/motokary-karting.sk\/cz\/wp-json\/wp\/v2\/product_cat?post=18764"},{"taxonomy":"product_tag","embeddable":true,"href":"https:\/\/motokary-karting.sk\/cz\/wp-json\/wp\/v2\/product_tag?post=18764"}],"curies":[{"name":"wp","href":"https:\/\/api.w.org\/{rel}","templated":true}]}}