{"id":1880,"date":"2020-07-23T08:31:30","date_gmt":"2020-07-23T08:31:30","guid":{"rendered":"https:\/\/motokary-karting.sk\/?post_type=product&#038;p=1880"},"modified":"2026-02-25T08:08:38","modified_gmt":"2026-02-25T08:08:38","slug":"standardni-vyfukovaci-trubka-12-mm-x-130-mm","status":"publish","type":"product","link":"https:\/\/motokary-karting.sk\/cz\/produkt\/pruzina-vyfuku-12mm-x-130mm-standard\/","title":{"rendered":"V\u00fdfukov\u00e1 pru\u017eina dlouh\u00e1 12 x 130 mm standardn\u00ed | SADA 2 kus\u016f"},"content":{"rendered":"","protected":false},"excerpt":{"rendered":"<p>Zbo\u017e\u00ed na sklad\u011b je expedov\u00e1no okam\u017eit\u011b<\/p>","protected":false},"featured_media":1885,"template":"","meta":[],"product_brand":[],"product_cat":[271,1578,412],"product_tag":[415,142,417,81,420,421,413,414],"class_list":{"0":"post-1880","1":"product","2":"type-product","3":"status-publish","4":"has-post-thumbnail","6":"product_cat-nahradne-diely-na-podvozky","7":"product_cat-pruziny-vyfuku","8":"product_cat-vyfuky-pruziny-prislusenstvo","9":"product_tag-drziak-vyfuku","10":"product_tag-karting","11":"product_tag-miska","12":"product_tag-motokary","13":"product_tag-pruzina","14":"product_tag-pruzina-vyfuku","15":"product_tag-vyfuk","16":"product_tag-vyfuky","18":"first","19":"instock","20":"taxable","21":"shipping-taxable","22":"purchasable","23":"product-type-simple","24":"customify-col"},"aioseo_notices":[],"_links":{"self":[{"href":"https:\/\/motokary-karting.sk\/cz\/wp-json\/wp\/v2\/product\/1880","targetHints":{"allow":["GET"]}}],"collection":[{"href":"https:\/\/motokary-karting.sk\/cz\/wp-json\/wp\/v2\/product"}],"about":[{"href":"https:\/\/motokary-karting.sk\/cz\/wp-json\/wp\/v2\/types\/product"}],"wp:featuredmedia":[{"embeddable":true,"href":"https:\/\/motokary-karting.sk\/cz\/wp-json\/wp\/v2\/media\/1885"}],"wp:attachment":[{"href":"https:\/\/motokary-karting.sk\/cz\/wp-json\/wp\/v2\/media?parent=1880"}],"wp:term":[{"taxonomy":"product_brand","embeddable":true,"href":"https:\/\/motokary-karting.sk\/cz\/wp-json\/wp\/v2\/product_brand?post=1880"},{"taxonomy":"product_cat","embeddable":true,"href":"https:\/\/motokary-karting.sk\/cz\/wp-json\/wp\/v2\/product_cat?post=1880"},{"taxonomy":"product_tag","embeddable":true,"href":"https:\/\/motokary-karting.sk\/cz\/wp-json\/wp\/v2\/product_tag?post=1880"}],"curies":[{"name":"wp","href":"https:\/\/api.w.org\/{rel}","templated":true}]}}