{"id":18896,"date":"2023-01-09T22:58:44","date_gmt":"2023-01-09T22:58:44","guid":{"rendered":"https:\/\/motokary-karting.sk\/?post_type=product&#038;p=18896"},"modified":"2024-10-28T11:40:43","modified_gmt":"2024-10-28T11:40:43","slug":"zavodni-svetr-sparco-martini","status":"publish","type":"product","link":"https:\/\/motokary-karting.sk\/cz\/produkt\/sparco-sveter-martini-racing\/","title":{"rendered":"Sparco Martini Racing Svetr"},"content":{"rendered":"<p>Pleten\u00fd svetr s kulat\u00fdm v\u00fdst\u0159ihem, voliteln\u011b z m\u011bkk\u00e9 vln\u011bn\u00e9 sm\u011bsi nebo bavlny. Sportovn\u00ed a elegantn\u00ed d\u00edky aplikac\u00edm s logem a tkan\u00fdm pruh\u016fm MARTINI RACING.<\/p>\n<p>&nbsp;<\/p>\n<p>100% bavlna<\/p>","protected":false},"excerpt":{"rendered":"<p>Pleten\u00fd svetr s kulat\u00fdm v\u00fdst\u0159ihem, voliteln\u011b z m\u011bkk\u00e9 vln\u011bn\u00e9 sm\u011bsi nebo bavlny. Sportovn\u00ed a elegantn\u00ed d\u00edky aplikac\u00edm s logem a pleten\u00fdm pruh\u016fm MARTINI RACING.....<\/p>","protected":false},"featured_media":18903,"template":"","meta":[],"product_brand":[],"product_cat":[32,1008],"product_tag":[1728,142,1344,2074,3142,3141,81,261,3140],"class_list":{"0":"post-18896","1":"product","2":"type-product","3":"status-publish","4":"has-post-thumbnail","6":"product_cat-lifestyle-oblecenie-a-produkty-na-volny-cas","7":"product_cat-mikiny","8":"product_tag-kart-shop","9":"product_tag-karting","10":"product_tag-karting-shop","11":"product_tag-mechanix-wear","12":"product_tag-mechanix-wear-original","13":"product_tag-mechanix-wear-tricko","14":"product_tag-motokary","15":"product_tag-tricko","16":"product_tag-tricko-mechanix-wear","18":"first","19":"onbackorder","20":"taxable","21":"shipping-taxable","22":"purchasable","23":"product-type-variable","24":"customify-col","25":"product-has-gallery"},"aioseo_notices":[],"_links":{"self":[{"href":"https:\/\/motokary-karting.sk\/cz\/wp-json\/wp\/v2\/product\/18896","targetHints":{"allow":["GET"]}}],"collection":[{"href":"https:\/\/motokary-karting.sk\/cz\/wp-json\/wp\/v2\/product"}],"about":[{"href":"https:\/\/motokary-karting.sk\/cz\/wp-json\/wp\/v2\/types\/product"}],"wp:featuredmedia":[{"embeddable":true,"href":"https:\/\/motokary-karting.sk\/cz\/wp-json\/wp\/v2\/media\/18903"}],"wp:attachment":[{"href":"https:\/\/motokary-karting.sk\/cz\/wp-json\/wp\/v2\/media?parent=18896"}],"wp:term":[{"taxonomy":"product_brand","embeddable":true,"href":"https:\/\/motokary-karting.sk\/cz\/wp-json\/wp\/v2\/product_brand?post=18896"},{"taxonomy":"product_cat","embeddable":true,"href":"https:\/\/motokary-karting.sk\/cz\/wp-json\/wp\/v2\/product_cat?post=18896"},{"taxonomy":"product_tag","embeddable":true,"href":"https:\/\/motokary-karting.sk\/cz\/wp-json\/wp\/v2\/product_tag?post=18896"}],"curies":[{"name":"wp","href":"https:\/\/api.w.org\/{rel}","templated":true}]}}