{"id":1891,"date":"2020-07-03T19:33:09","date_gmt":"2020-07-03T19:33:09","guid":{"rendered":"https:\/\/motokary-karting.sk\/?post_type=product&#038;p=1891"},"modified":"2026-01-30T20:52:49","modified_gmt":"2026-01-30T20:52:49","slug":"sedadlo-xxl-polohovaci-cerne","status":"publish","type":"product","link":"https:\/\/motokary-karting.sk\/cz\/produkt\/sedadlo-xxl-pozicovna-cierne\/","title":{"rendered":"Sedadlo XXL \u010dern\u00e9"},"content":{"rendered":"<p>Pozn\u00e1mka: u t\u00e9to polo\u017eky nen\u00ed doprava zdarma, proto\u017ee se jedn\u00e1 o nadrozm\u011brnou polo\u017eku.<\/p>","protected":false},"excerpt":{"rendered":"<p>Dod\u00e1n\u00ed zbo\u017e\u00ed na objedn\u00e1vku do 7 dn\u016f<\/p>","protected":false},"featured_media":1892,"template":"","meta":[],"product_brand":[],"product_cat":[173,77,1241],"product_tag":[293,290,176,428,427],"class_list":{"0":"post-1891","1":"product","2":"type-product","3":"status-publish","4":"has-post-thumbnail","6":"product_cat-podvozky-nahradne-diely","7":"product_cat-rental-karting","8":"product_cat-sedadla-prislusenstvo-pozicovna","9":"product_tag-pozicovna","10":"product_tag-pozicovna-motokar","11":"product_tag-sedadlo","12":"product_tag-sedadlo-do-pozicovne","13":"product_tag-sedadlo-pozicovna-motokar","15":"first","16":"onbackorder","17":"taxable","18":"shipping-taxable","19":"purchasable","20":"product-type-simple","21":"customify-col"},"aioseo_notices":[],"_links":{"self":[{"href":"https:\/\/motokary-karting.sk\/cz\/wp-json\/wp\/v2\/product\/1891","targetHints":{"allow":["GET"]}}],"collection":[{"href":"https:\/\/motokary-karting.sk\/cz\/wp-json\/wp\/v2\/product"}],"about":[{"href":"https:\/\/motokary-karting.sk\/cz\/wp-json\/wp\/v2\/types\/product"}],"wp:featuredmedia":[{"embeddable":true,"href":"https:\/\/motokary-karting.sk\/cz\/wp-json\/wp\/v2\/media\/1892"}],"wp:attachment":[{"href":"https:\/\/motokary-karting.sk\/cz\/wp-json\/wp\/v2\/media?parent=1891"}],"wp:term":[{"taxonomy":"product_brand","embeddable":true,"href":"https:\/\/motokary-karting.sk\/cz\/wp-json\/wp\/v2\/product_brand?post=1891"},{"taxonomy":"product_cat","embeddable":true,"href":"https:\/\/motokary-karting.sk\/cz\/wp-json\/wp\/v2\/product_cat?post=1891"},{"taxonomy":"product_tag","embeddable":true,"href":"https:\/\/motokary-karting.sk\/cz\/wp-json\/wp\/v2\/product_tag?post=1891"}],"curies":[{"name":"wp","href":"https:\/\/api.w.org\/{rel}","templated":true}]}}