{"id":18933,"date":"2023-01-10T18:56:28","date_gmt":"2023-01-10T18:56:28","guid":{"rendered":"https:\/\/motokary-karting.sk\/?post_type=product&#038;p=18933"},"modified":"2025-02-06T14:12:54","modified_gmt":"2025-02-06T14:12:54","slug":"ozubene-kolo-hlinikova-delena-rozeta","status":"publish","type":"product","link":"https:\/\/motokary-karting.sk\/cz\/produkt\/ozubene-kolecko-rozeta-hlinik-delene\/","title":{"rendered":"Hlin\u00edkov\u00e9 ozuben\u00e9 kolo (rozeta) - d\u011blen\u00e9"},"content":{"rendered":"<p>pro retaza 428<\/p>","protected":false},"excerpt":{"rendered":"<p>pro retaza 428<\/p>","protected":false},"featured_media":18942,"template":"","meta":[],"product_brand":[],"product_cat":[271,173,1240,77,341],"product_tag":[142,1344,34,1337,81,1336,343,344,290,342,1335],"class_list":{"0":"post-18933","1":"product","2":"type-product","3":"status-publish","4":"has-post-thumbnail","6":"product_cat-nahradne-diely-na-podvozky","7":"product_cat-podvozky-nahradne-diely","8":"product_cat-remene-retaze-rozety-pozicovna","9":"product_cat-rental-karting","10":"product_cat-retaze-rozety-kryty-na-retaz","11":"product_tag-karting","12":"product_tag-karting-shop","13":"product_tag-motokara","14":"product_tag-motokarove-rozety","15":"product_tag-motokary","16":"product_tag-nahradne-diely-na-motokary","17":"product_tag-ozubene-kolecko","18":"product_tag-ozubene-koliesko","19":"product_tag-pozicovna-motokar","20":"product_tag-rozeta","21":"product_tag-rozeta-30mm","23":"first","24":"instock","25":"taxable","26":"shipping-taxable","27":"purchasable","28":"product-type-variable","29":"customify-col"},"aioseo_notices":[],"_links":{"self":[{"href":"https:\/\/motokary-karting.sk\/cz\/wp-json\/wp\/v2\/product\/18933","targetHints":{"allow":["GET"]}}],"collection":[{"href":"https:\/\/motokary-karting.sk\/cz\/wp-json\/wp\/v2\/product"}],"about":[{"href":"https:\/\/motokary-karting.sk\/cz\/wp-json\/wp\/v2\/types\/product"}],"wp:featuredmedia":[{"embeddable":true,"href":"https:\/\/motokary-karting.sk\/cz\/wp-json\/wp\/v2\/media\/18942"}],"wp:attachment":[{"href":"https:\/\/motokary-karting.sk\/cz\/wp-json\/wp\/v2\/media?parent=18933"}],"wp:term":[{"taxonomy":"product_brand","embeddable":true,"href":"https:\/\/motokary-karting.sk\/cz\/wp-json\/wp\/v2\/product_brand?post=18933"},{"taxonomy":"product_cat","embeddable":true,"href":"https:\/\/motokary-karting.sk\/cz\/wp-json\/wp\/v2\/product_cat?post=18933"},{"taxonomy":"product_tag","embeddable":true,"href":"https:\/\/motokary-karting.sk\/cz\/wp-json\/wp\/v2\/product_tag?post=18933"}],"curies":[{"name":"wp","href":"https:\/\/api.w.org\/{rel}","templated":true}]}}