{"id":18967,"date":"2023-01-10T19:40:02","date_gmt":"2023-01-10T19:40:02","guid":{"rendered":"https:\/\/motokary-karting.sk\/?post_type=product&#038;p=18967"},"modified":"2024-02-23T15:04:19","modified_gmt":"2024-02-23T15:04:19","slug":"honda-gx270-motokara-kompletni-s-motorem-extremni-pronajem","status":"publish","type":"product","link":"https:\/\/motokary-karting.sk\/cz\/produkt\/motokara-do-pozicovne-adult-kart-honda-gx270-komplet-s-motorom-extreme-rental\/","title":{"rendered":"P\u016fj\u010dovna motok\u00e1r DUAL motok\u00e1ra Honda GX270- kompletn\u00ed s motorem EXTR\u00c9MN\u00cd P\u016eJ\u010cOVNA"},"content":{"rendered":"","protected":false},"excerpt":{"rendered":"","protected":false},"featured_media":18985,"template":"","meta":[],"product_brand":[],"product_cat":[16,3276],"product_tag":[37,1728,142,1344,1902,1903,1901,81,2660,2661,1698,1900],"class_list":{"0":"post-18967","1":"product","2":"type-product","3":"status-publish","4":"has-post-thumbnail","6":"product_cat-motokary","7":"product_cat-rental-kart","8":"product_tag-detska-motokara","9":"product_tag-kart-shop","10":"product_tag-karting","11":"product_tag-karting-shop","12":"product_tag-motokara-pre-deti","13":"product_tag-motokara-pre-deti-od-4-rokov","14":"product_tag-motokara-top-kart","15":"product_tag-motokary","16":"product_tag-motokary-topkart","17":"product_tag-predaj-motokar-top-kart","18":"product_tag-predajna-motokar","19":"product_tag-top-kart","21":"first","22":"onbackorder","23":"taxable","24":"shipping-taxable","25":"purchasable","26":"product-type-simple","27":"customify-col","28":"product-has-gallery"},"aioseo_notices":[],"_links":{"self":[{"href":"https:\/\/motokary-karting.sk\/cz\/wp-json\/wp\/v2\/product\/18967","targetHints":{"allow":["GET"]}}],"collection":[{"href":"https:\/\/motokary-karting.sk\/cz\/wp-json\/wp\/v2\/product"}],"about":[{"href":"https:\/\/motokary-karting.sk\/cz\/wp-json\/wp\/v2\/types\/product"}],"wp:featuredmedia":[{"embeddable":true,"href":"https:\/\/motokary-karting.sk\/cz\/wp-json\/wp\/v2\/media\/18985"}],"wp:attachment":[{"href":"https:\/\/motokary-karting.sk\/cz\/wp-json\/wp\/v2\/media?parent=18967"}],"wp:term":[{"taxonomy":"product_brand","embeddable":true,"href":"https:\/\/motokary-karting.sk\/cz\/wp-json\/wp\/v2\/product_brand?post=18967"},{"taxonomy":"product_cat","embeddable":true,"href":"https:\/\/motokary-karting.sk\/cz\/wp-json\/wp\/v2\/product_cat?post=18967"},{"taxonomy":"product_tag","embeddable":true,"href":"https:\/\/motokary-karting.sk\/cz\/wp-json\/wp\/v2\/product_tag?post=18967"}],"curies":[{"name":"wp","href":"https:\/\/api.w.org\/{rel}","templated":true}]}}