{"id":1897,"date":"2020-07-01T19:56:47","date_gmt":"2020-07-01T19:56:47","guid":{"rendered":"https:\/\/motokary-karting.sk\/?post_type=product&#038;p=1897"},"modified":"2021-03-05T21:28:37","modified_gmt":"2021-03-05T21:28:37","slug":"podlozky-pro-ojnici-mezi-hridele-tm-racing-125cc-set-2ks","status":"publish","type":"product","link":"https:\/\/motokary-karting.sk\/cz\/produkt\/podlozky-pre-ojnicu-medzi-klukovy-hriadel-tm-racing-125cc-sada-2ks\/","title":{"rendered":"Podlo\u017eky pro ojnici mezi klikov\u00fdm h\u0159\u00eddelem - TM Racing 125 ccm - SADA 2 kus\u016f"},"content":{"rendered":"","protected":false},"excerpt":{"rendered":"<p>Zbo\u017e\u00ed na sklad\u011b je expedov\u00e1no okam\u017eit\u011b<\/p>","protected":false},"featured_media":1899,"template":"","meta":[],"product_brand":[],"product_cat":[271],"product_tag":[142,81,430,431],"class_list":{"0":"post-1897","1":"product","2":"type-product","3":"status-publish","4":"has-post-thumbnail","6":"product_cat-nahradne-diely-na-podvozky","7":"product_tag-karting","8":"product_tag-motokary","9":"product_tag-podlozka-ojnice","10":"product_tag-tm-racing","12":"first","13":"instock","14":"taxable","15":"shipping-taxable","16":"purchasable","17":"product-type-simple","18":"customify-col"},"aioseo_notices":[],"_links":{"self":[{"href":"https:\/\/motokary-karting.sk\/cz\/wp-json\/wp\/v2\/product\/1897","targetHints":{"allow":["GET"]}}],"collection":[{"href":"https:\/\/motokary-karting.sk\/cz\/wp-json\/wp\/v2\/product"}],"about":[{"href":"https:\/\/motokary-karting.sk\/cz\/wp-json\/wp\/v2\/types\/product"}],"wp:featuredmedia":[{"embeddable":true,"href":"https:\/\/motokary-karting.sk\/cz\/wp-json\/wp\/v2\/media\/1899"}],"wp:attachment":[{"href":"https:\/\/motokary-karting.sk\/cz\/wp-json\/wp\/v2\/media?parent=1897"}],"wp:term":[{"taxonomy":"product_brand","embeddable":true,"href":"https:\/\/motokary-karting.sk\/cz\/wp-json\/wp\/v2\/product_brand?post=1897"},{"taxonomy":"product_cat","embeddable":true,"href":"https:\/\/motokary-karting.sk\/cz\/wp-json\/wp\/v2\/product_cat?post=1897"},{"taxonomy":"product_tag","embeddable":true,"href":"https:\/\/motokary-karting.sk\/cz\/wp-json\/wp\/v2\/product_tag?post=1897"}],"curies":[{"name":"wp","href":"https:\/\/api.w.org\/{rel}","templated":true}]}}