{"id":1907,"date":"2020-07-31T19:39:21","date_gmt":"2020-07-31T19:39:21","guid":{"rendered":"https:\/\/motokary-karting.sk\/?post_type=product&#038;p=1907"},"modified":"2024-09-18T08:24:07","modified_gmt":"2024-09-18T08:24:07","slug":"hlinikovy-otvor-pro-doraz-pedalu-20-mm","status":"publish","type":"product","link":"https:\/\/motokary-karting.sk\/cz\/produkt\/doraz-na-pedal-hlinikovy-diera-20mm\/","title":{"rendered":"Hlin\u00edkov\u00fd doraz ped\u00e1lu - otvor 20 mm"},"content":{"rendered":"","protected":false},"excerpt":{"rendered":"<p>Zbo\u017e\u00ed na sklad\u011b je expedov\u00e1no okam\u017eit\u011b<\/p>","protected":false},"featured_media":1908,"template":"","meta":[],"product_brand":[],"product_cat":[271,276],"product_tag":[441,442,142,81,294,440],"class_list":{"0":"post-1907","1":"product","2":"type-product","3":"status-publish","4":"has-post-thumbnail","6":"product_cat-nahradne-diely-na-podvozky","7":"product_cat-ostatne","8":"product_tag-doraz","9":"product_tag-doraz-na-pedal","10":"product_tag-karting","11":"product_tag-motokary","12":"product_tag-pedal","13":"product_tag-pedal-stop","15":"first","16":"instock","17":"taxable","18":"shipping-taxable","19":"purchasable","20":"product-type-simple","21":"customify-col"},"aioseo_notices":[],"_links":{"self":[{"href":"https:\/\/motokary-karting.sk\/cz\/wp-json\/wp\/v2\/product\/1907","targetHints":{"allow":["GET"]}}],"collection":[{"href":"https:\/\/motokary-karting.sk\/cz\/wp-json\/wp\/v2\/product"}],"about":[{"href":"https:\/\/motokary-karting.sk\/cz\/wp-json\/wp\/v2\/types\/product"}],"wp:featuredmedia":[{"embeddable":true,"href":"https:\/\/motokary-karting.sk\/cz\/wp-json\/wp\/v2\/media\/1908"}],"wp:attachment":[{"href":"https:\/\/motokary-karting.sk\/cz\/wp-json\/wp\/v2\/media?parent=1907"}],"wp:term":[{"taxonomy":"product_brand","embeddable":true,"href":"https:\/\/motokary-karting.sk\/cz\/wp-json\/wp\/v2\/product_brand?post=1907"},{"taxonomy":"product_cat","embeddable":true,"href":"https:\/\/motokary-karting.sk\/cz\/wp-json\/wp\/v2\/product_cat?post=1907"},{"taxonomy":"product_tag","embeddable":true,"href":"https:\/\/motokary-karting.sk\/cz\/wp-json\/wp\/v2\/product_tag?post=1907"}],"curies":[{"name":"wp","href":"https:\/\/api.w.org\/{rel}","templated":true}]}}