{"id":1909,"date":"2020-07-31T19:43:51","date_gmt":"2020-07-31T19:43:51","guid":{"rendered":"https:\/\/motokary-karting.sk\/?post_type=product&#038;p=1909"},"modified":"2025-09-19T14:50:09","modified_gmt":"2025-09-19T14:50:09","slug":"spojka-pro-brzdovou-hadici-typu-l","status":"publish","type":"product","link":"https:\/\/motokary-karting.sk\/cz\/produkt\/spojka-na-brzdovu-hadicu-typu-l\/","title":{"rendered":"Spojka brzdov\u00e9 hadice typu \u201cL\u201d \/ spojka\u201d"},"content":{"rendered":"","protected":false},"excerpt":{"rendered":"<p>Zbo\u017e\u00ed na sklad\u011b je expedov\u00e1no okam\u017eit\u011b<\/p>","protected":false},"featured_media":1910,"template":"","meta":[],"product_brand":[],"product_cat":[302,271,1550],"product_tag":[444,445,443],"class_list":{"0":"post-1909","1":"product","2":"type-product","3":"status-publish","4":"has-post-thumbnail","6":"product_cat-brzdy-prislusenstvo","7":"product_cat-nahradne-diely-na-podvozky","8":"product_cat-ostatne-brzdy-prislusenstvo","9":"product_tag-lko-hadica","10":"product_tag-brzdova-hadica","11":"product_tag-spojka-na-brzdovu-hadicu","13":"first","14":"instock","15":"taxable","16":"shipping-taxable","17":"purchasable","18":"product-type-simple","19":"customify-col"},"aioseo_notices":[],"_links":{"self":[{"href":"https:\/\/motokary-karting.sk\/cz\/wp-json\/wp\/v2\/product\/1909","targetHints":{"allow":["GET"]}}],"collection":[{"href":"https:\/\/motokary-karting.sk\/cz\/wp-json\/wp\/v2\/product"}],"about":[{"href":"https:\/\/motokary-karting.sk\/cz\/wp-json\/wp\/v2\/types\/product"}],"wp:featuredmedia":[{"embeddable":true,"href":"https:\/\/motokary-karting.sk\/cz\/wp-json\/wp\/v2\/media\/1910"}],"wp:attachment":[{"href":"https:\/\/motokary-karting.sk\/cz\/wp-json\/wp\/v2\/media?parent=1909"}],"wp:term":[{"taxonomy":"product_brand","embeddable":true,"href":"https:\/\/motokary-karting.sk\/cz\/wp-json\/wp\/v2\/product_brand?post=1909"},{"taxonomy":"product_cat","embeddable":true,"href":"https:\/\/motokary-karting.sk\/cz\/wp-json\/wp\/v2\/product_cat?post=1909"},{"taxonomy":"product_tag","embeddable":true,"href":"https:\/\/motokary-karting.sk\/cz\/wp-json\/wp\/v2\/product_tag?post=1909"}],"curies":[{"name":"wp","href":"https:\/\/api.w.org\/{rel}","templated":true}]}}