{"id":1919,"date":"2020-08-01T17:09:35","date_gmt":"2020-08-01T17:09:35","guid":{"rendered":"https:\/\/motokary-karting.sk\/?post_type=product&#038;p=1919"},"modified":"2026-04-26T19:58:47","modified_gmt":"2026-04-26T19:58:47","slug":"podlozka-pod-sroub-sedla-cerna-hlinikova-m8-33mm","status":"publish","type":"product","link":"https:\/\/motokary-karting.sk\/cz\/produkt\/podlozka-skrutky-sedadla-cierna-hlinikova-m8-33mm\/","title":{"rendered":"Podlo\u017eka pod sedlov\u00fd \u0161roub M8 x 33 mm, \u010dern\u00fd hlin\u00edk"},"content":{"rendered":"","protected":false},"excerpt":{"rendered":"<p>Zbo\u017e\u00ed na sklad\u011b je expedov\u00e1no okam\u017eit\u011b<\/p>","protected":false},"featured_media":1920,"template":"","meta":[],"product_brand":[],"product_cat":[271,366,279,1241],"product_tag":[142,81,446,406,447,292],"class_list":{"0":"post-1919","1":"product","2":"type-product","3":"status-publish","4":"has-post-thumbnail","6":"product_cat-nahradne-diely-na-podvozky","7":"product_cat-prislusenstvo-k-sedadlam","8":"product_cat-sedadla-prislusenstvo","9":"product_cat-sedadla-prislusenstvo-pozicovna","10":"product_tag-karting","11":"product_tag-motokary","12":"product_tag-nahradne-diely-pre-motokary","13":"product_tag-podlozka","14":"product_tag-podlozka-na-srob-sedadla","15":"product_tag-podlozka-skrutky-sedadla","17":"first","18":"instock","19":"sale","20":"taxable","21":"shipping-taxable","22":"purchasable","23":"product-type-simple","24":"customify-col"},"aioseo_notices":[],"_links":{"self":[{"href":"https:\/\/motokary-karting.sk\/cz\/wp-json\/wp\/v2\/product\/1919","targetHints":{"allow":["GET"]}}],"collection":[{"href":"https:\/\/motokary-karting.sk\/cz\/wp-json\/wp\/v2\/product"}],"about":[{"href":"https:\/\/motokary-karting.sk\/cz\/wp-json\/wp\/v2\/types\/product"}],"wp:featuredmedia":[{"embeddable":true,"href":"https:\/\/motokary-karting.sk\/cz\/wp-json\/wp\/v2\/media\/1920"}],"wp:attachment":[{"href":"https:\/\/motokary-karting.sk\/cz\/wp-json\/wp\/v2\/media?parent=1919"}],"wp:term":[{"taxonomy":"product_brand","embeddable":true,"href":"https:\/\/motokary-karting.sk\/cz\/wp-json\/wp\/v2\/product_brand?post=1919"},{"taxonomy":"product_cat","embeddable":true,"href":"https:\/\/motokary-karting.sk\/cz\/wp-json\/wp\/v2\/product_cat?post=1919"},{"taxonomy":"product_tag","embeddable":true,"href":"https:\/\/motokary-karting.sk\/cz\/wp-json\/wp\/v2\/product_tag?post=1919"}],"curies":[{"name":"wp","href":"https:\/\/api.w.org\/{rel}","templated":true}]}}