{"id":19318,"date":"2023-01-26T12:47:45","date_gmt":"2023-01-26T12:47:45","guid":{"rendered":"https:\/\/motokary-karting.sk\/?post_type=product&#038;p=19318"},"modified":"2025-09-21T09:16:54","modified_gmt":"2025-09-21T09:16:54","slug":"startovaci-baterie-agm-12v-7ah","status":"publish","type":"product","link":"https:\/\/motokary-karting.sk\/cz\/produkt\/bateria-na-startovanie-agm-12v-7ah\/","title":{"rendered":"Startovac\u00ed baterie AGM 12V 7Ah"},"content":{"rendered":"<p>N\u00edzk\u00e1 hmotnost<\/p>","protected":false},"excerpt":{"rendered":"<p>N\u00edzk\u00e1 hmotnost<\/p>","protected":false},"featured_media":19319,"template":"","meta":[],"product_brand":[],"product_cat":[645,3263,858],"product_tag":[2652,2429,142,1344,81,2650,618,754,2651],"class_list":{"0":"post-19318","1":"product","2":"type-product","3":"status-publish","4":"has-post-thumbnail","6":"product_cat-nahradne-diely-na-motory","7":"product_cat-tm-mini-baby-60","8":"product_cat-tm-racing-nahradne-diely-na-motory","9":"product_tag-blok-motora-komplet","10":"product_tag-diely-na-rotax","11":"product_tag-karting","12":"product_tag-karting-shop","13":"product_tag-motokary","14":"product_tag-nahradne-diely-na-rotax","15":"product_tag-rotax","16":"product_tag-rotax-diely","17":"product_tag-suciastky-na-rotax","19":"first","20":"onbackorder","21":"taxable","22":"shipping-taxable","23":"purchasable","24":"product-type-simple","25":"customify-col"},"aioseo_notices":[],"_links":{"self":[{"href":"https:\/\/motokary-karting.sk\/cz\/wp-json\/wp\/v2\/product\/19318","targetHints":{"allow":["GET"]}}],"collection":[{"href":"https:\/\/motokary-karting.sk\/cz\/wp-json\/wp\/v2\/product"}],"about":[{"href":"https:\/\/motokary-karting.sk\/cz\/wp-json\/wp\/v2\/types\/product"}],"wp:featuredmedia":[{"embeddable":true,"href":"https:\/\/motokary-karting.sk\/cz\/wp-json\/wp\/v2\/media\/19319"}],"wp:attachment":[{"href":"https:\/\/motokary-karting.sk\/cz\/wp-json\/wp\/v2\/media?parent=19318"}],"wp:term":[{"taxonomy":"product_brand","embeddable":true,"href":"https:\/\/motokary-karting.sk\/cz\/wp-json\/wp\/v2\/product_brand?post=19318"},{"taxonomy":"product_cat","embeddable":true,"href":"https:\/\/motokary-karting.sk\/cz\/wp-json\/wp\/v2\/product_cat?post=19318"},{"taxonomy":"product_tag","embeddable":true,"href":"https:\/\/motokary-karting.sk\/cz\/wp-json\/wp\/v2\/product_tag?post=19318"}],"curies":[{"name":"wp","href":"https:\/\/api.w.org\/{rel}","templated":true}]}}