{"id":19552,"date":"2023-03-29T18:23:56","date_gmt":"2023-03-29T18:23:56","guid":{"rendered":"https:\/\/motokary-karting.sk\/?post_type=product&#038;p=19552"},"modified":"2026-04-17T17:19:38","modified_gmt":"2026-04-17T17:19:38","slug":"senzor-plynu-aim-mychron-unipro-starlane","status":"publish","type":"product","link":"https:\/\/motokary-karting.sk\/cz\/produkt\/gas-senzor-aim-mychron-unipro-starlane\/","title":{"rendered":"Sn\u00edma\u010d teploty AIM Mychron GAS (v\u0161echny verze Mychron 3-6)"},"content":{"rendered":"","protected":false},"excerpt":{"rendered":"","protected":false},"featured_media":28059,"template":"","meta":[],"product_brand":[],"product_cat":[2558,335],"product_tag":[2564,2562,142,1344,81,2563,2561,2560,2559,2565],"class_list":{"0":"post-19552","1":"product","2":"type-product","3":"status-publish","4":"has-post-thumbnail","6":"product_cat-aim-mychron","7":"product_cat-telemetrieapristroje","8":"product_tag-aim-mychrone","9":"product_tag-aim-vodne-cidlo","10":"product_tag-karting","11":"product_tag-karting-shop","12":"product_tag-motokary","13":"product_tag-my-chrone-aim","14":"product_tag-snimac-teploty-vody-aim","15":"product_tag-snimac-teploty-vody-mychrone","16":"product_tag-teplotny-snimac-aim-mychrone","17":"product_tag-teplotny-snimac-mychron","19":"first","20":"instock","21":"sale","22":"taxable","23":"shipping-taxable","24":"purchasable","25":"product-type-simple","26":"customify-col"},"aioseo_notices":[],"_links":{"self":[{"href":"https:\/\/motokary-karting.sk\/cz\/wp-json\/wp\/v2\/product\/19552","targetHints":{"allow":["GET"]}}],"collection":[{"href":"https:\/\/motokary-karting.sk\/cz\/wp-json\/wp\/v2\/product"}],"about":[{"href":"https:\/\/motokary-karting.sk\/cz\/wp-json\/wp\/v2\/types\/product"}],"wp:featuredmedia":[{"embeddable":true,"href":"https:\/\/motokary-karting.sk\/cz\/wp-json\/wp\/v2\/media\/28059"}],"wp:attachment":[{"href":"https:\/\/motokary-karting.sk\/cz\/wp-json\/wp\/v2\/media?parent=19552"}],"wp:term":[{"taxonomy":"product_brand","embeddable":true,"href":"https:\/\/motokary-karting.sk\/cz\/wp-json\/wp\/v2\/product_brand?post=19552"},{"taxonomy":"product_cat","embeddable":true,"href":"https:\/\/motokary-karting.sk\/cz\/wp-json\/wp\/v2\/product_cat?post=19552"},{"taxonomy":"product_tag","embeddable":true,"href":"https:\/\/motokary-karting.sk\/cz\/wp-json\/wp\/v2\/product_tag?post=19552"}],"curies":[{"name":"wp","href":"https:\/\/api.w.org\/{rel}","templated":true}]}}