{"id":19566,"date":"2023-04-04T08:47:55","date_gmt":"2023-04-04T08:47:55","guid":{"rendered":"https:\/\/motokary-karting.sk\/?post_type=product&#038;p=19566"},"modified":"2024-06-17T09:09:21","modified_gmt":"2024-06-17T09:09:21","slug":"vahadlo-karburatoru-pro-dellorto-phbn-14","status":"publish","type":"product","link":"https:\/\/motokary-karting.sk\/cz\/produkt\/supatko-do-karburatora-dellorto-phbn-14\/","title":{"rendered":"Plastov\u00e9 \u0161oup\u00e1tko pro karbur\u00e1tor Dellorto PHBN 14"},"content":{"rendered":"","protected":false},"excerpt":{"rendered":"","protected":false},"featured_media":19567,"template":"","meta":[],"product_brand":[],"product_cat":[1642,645,3263,858],"product_tag":[1625,2944,391,1633,1628,1629,1728,142,1344,2943,2945,81,392,2946,1632,1630,1631],"class_list":{"0":"post-19566","1":"product","2":"type-product","3":"status-publish","4":"has-post-thumbnail","6":"product_cat-karburatory-prislusenstvo","7":"product_cat-nahradne-diely-na-motory","8":"product_cat-tm-mini-baby-60","9":"product_cat-tm-racing-nahradne-diely-na-motory","10":"product_tag-aktivny-vzduchovy-filter","11":"product_tag-filter-kg","12":"product_tag-filter-vzduchu","13":"product_tag-filter-vzduchu-125cm","14":"product_tag-filter-vzduchu-ok","15":"product_tag-fioter-vzduchu-okj","16":"product_tag-kart-shop","17":"product_tag-karting","18":"product_tag-karting-shop","19":"product_tag-kg-nitro","20":"product_tag-kg-vzduchovy-filter","21":"product_tag-motokary","22":"product_tag-vzduchovy-filter","23":"product_tag-vzduchovy-filter-kg-nitro","24":"product_tag-vzduchovy-filter-kz","25":"product_tag-vzduchovy-filter-ok","26":"product_tag-vzduchovy-filter-okj","28":"first","29":"instock","30":"taxable","31":"shipping-taxable","32":"purchasable","33":"product-type-simple","34":"customify-col"},"aioseo_notices":[],"_links":{"self":[{"href":"https:\/\/motokary-karting.sk\/cz\/wp-json\/wp\/v2\/product\/19566","targetHints":{"allow":["GET"]}}],"collection":[{"href":"https:\/\/motokary-karting.sk\/cz\/wp-json\/wp\/v2\/product"}],"about":[{"href":"https:\/\/motokary-karting.sk\/cz\/wp-json\/wp\/v2\/types\/product"}],"wp:featuredmedia":[{"embeddable":true,"href":"https:\/\/motokary-karting.sk\/cz\/wp-json\/wp\/v2\/media\/19567"}],"wp:attachment":[{"href":"https:\/\/motokary-karting.sk\/cz\/wp-json\/wp\/v2\/media?parent=19566"}],"wp:term":[{"taxonomy":"product_brand","embeddable":true,"href":"https:\/\/motokary-karting.sk\/cz\/wp-json\/wp\/v2\/product_brand?post=19566"},{"taxonomy":"product_cat","embeddable":true,"href":"https:\/\/motokary-karting.sk\/cz\/wp-json\/wp\/v2\/product_cat?post=19566"},{"taxonomy":"product_tag","embeddable":true,"href":"https:\/\/motokary-karting.sk\/cz\/wp-json\/wp\/v2\/product_tag?post=19566"}],"curies":[{"name":"wp","href":"https:\/\/api.w.org\/{rel}","templated":true}]}}