{"id":19578,"date":"2023-04-07T10:45:27","date_gmt":"2023-04-07T10:45:27","guid":{"rendered":"https:\/\/motokary-karting.sk\/?post_type=product&#038;p=19578"},"modified":"2025-09-21T06:48:51","modified_gmt":"2025-09-21T06:48:51","slug":"sparco-sneaker-s-drive-vychazkova-obuv","status":"publish","type":"product","link":"https:\/\/motokary-karting.sk\/cz\/produkt\/sparco-sneaker-s-drive-vychadzkova-obuv\/","title":{"rendered":"Sparco Sneaker S-Drive - vych\u00e1zkov\u00e1 obuv - LAST PIECE vel. 45"},"content":{"rendered":"<p>Sparco S-DRIVE je le\u017e\u00e9rn\u00ed volno\u010dasov\u00e1 obuv s chytr\u00fdm spojen\u00edm lehk\u00fdch a prody\u0161n\u00fdch materi\u00e1l\u016f. Extr\u00e9mn\u011b m\u011bkk\u00e1 a pohodln\u00e1 na noze, s \u00fazk\u00fdm st\u0159ihem a protiskluzovou tvarovanou podr\u00e1\u017ekou odvozenou od profesion\u00e1ln\u00ed \u0159idi\u010dsk\u00e9 obuvi Sparco. Design modelu S-DRIVE je pom\u011brn\u011b jednoduch\u00fd, ale jeho detaily z n\u011bj d\u011blaj\u00ed nezam\u011bnitelnou lifestylovou ikonu. Svr\u0161ek z mikrovl\u00e1kna, lemovan\u00fd prody\u0161nou tkaninou. Ide\u00e1ln\u00ed pro z\u00e1vodn\u00ed dr\u00e1hu nebo jin\u00e9 volno\u010dasov\u00e9 aktivity.<\/p>","protected":false},"excerpt":{"rendered":"<p>Sparco S-DRIVE je le\u017e\u00e9rn\u00ed volno\u010dasov\u00e1 obuv s promy\u0161lenou kombinac\u00ed lehk\u00fdch a prody\u0161n\u00fdch materi\u00e1l\u016f. Extr\u00e9mn\u011b m\u011bkk\u00e1 a pohodln\u00e1 na noze, s \u00fazk\u00fdm st\u0159ihem a...<\/p>","protected":false},"featured_media":19696,"template":"","meta":[],"product_brand":[],"product_cat":[32,1066],"product_tag":[142,81,1073,945,1879,26,3294,1876,1067,941,1071,1072,3295,3112,3296,1877,1878],"class_list":{"0":"post-19578","1":"product","2":"type-product","3":"status-publish","4":"has-post-thumbnail","6":"product_cat-lifestyle-oblecenie-a-produkty-na-volny-cas","7":"product_cat-tenisky-a-topanky","8":"product_tag-karting","9":"product_tag-motokary","10":"product_tag-panske-tenisky","11":"product_tag-predajna-sparco","12":"product_tag-puma-tenisky-sparco-sneaker","13":"product_tag-sparco","14":"product_tag-sparco-s-drive","15":"product_tag-sparco-sneaker-puma-speedcat","16":"product_tag-sparco-tenisky","17":"product_tag-sparco-topanky","18":"product_tag-sparco-vychadzkova-obuv","19":"product_tag-tenisky","20":"product_tag-tenisky-s-drive","21":"product_tag-tenisky-sparco","22":"product_tag-tenisky-sparco-s-drive","23":"product_tag-tenisky-sparco-sneaker","24":"product_tag-tenisky-sparco-sneaker-puma","26":"first","27":"instock","28":"sale","29":"taxable","30":"shipping-taxable","31":"purchasable","32":"product-type-variable","33":"customify-col","34":"product-has-gallery"},"aioseo_notices":[],"_links":{"self":[{"href":"https:\/\/motokary-karting.sk\/cz\/wp-json\/wp\/v2\/product\/19578","targetHints":{"allow":["GET"]}}],"collection":[{"href":"https:\/\/motokary-karting.sk\/cz\/wp-json\/wp\/v2\/product"}],"about":[{"href":"https:\/\/motokary-karting.sk\/cz\/wp-json\/wp\/v2\/types\/product"}],"wp:featuredmedia":[{"embeddable":true,"href":"https:\/\/motokary-karting.sk\/cz\/wp-json\/wp\/v2\/media\/19696"}],"wp:attachment":[{"href":"https:\/\/motokary-karting.sk\/cz\/wp-json\/wp\/v2\/media?parent=19578"}],"wp:term":[{"taxonomy":"product_brand","embeddable":true,"href":"https:\/\/motokary-karting.sk\/cz\/wp-json\/wp\/v2\/product_brand?post=19578"},{"taxonomy":"product_cat","embeddable":true,"href":"https:\/\/motokary-karting.sk\/cz\/wp-json\/wp\/v2\/product_cat?post=19578"},{"taxonomy":"product_tag","embeddable":true,"href":"https:\/\/motokary-karting.sk\/cz\/wp-json\/wp\/v2\/product_tag?post=19578"}],"curies":[{"name":"wp","href":"https:\/\/api.w.org\/{rel}","templated":true}]}}