{"id":19911,"date":"2023-07-07T10:55:01","date_gmt":"2023-07-07T10:55:01","guid":{"rendered":"https:\/\/motokary-karting.sk\/?post_type=product&#038;p=19911"},"modified":"2023-07-31T09:05:56","modified_gmt":"2023-07-31T09:05:56","slug":"vicko-chladice-46-mm","status":"publish","type":"product","link":"https:\/\/motokary-karting.sk\/cz\/produkt\/zatka-na-chladic-velka-46mm\/","title":{"rendered":"Z\u00e1tka chladi\u010de velk\u00e1 46 mm"},"content":{"rendered":"","protected":false},"excerpt":{"rendered":"","protected":false},"featured_media":19912,"template":"","meta":[],"product_brand":[],"product_cat":[280,271],"product_tag":[142,1344,81,2299,2296,2298,2297],"class_list":{"0":"post-19911","1":"product","2":"type-product","3":"status-publish","4":"has-post-thumbnail","6":"product_cat-chladice-vody-prislusenstvo","7":"product_cat-nahradne-diely-na-podvozky","8":"product_tag-karting","9":"product_tag-karting-shop","10":"product_tag-motokary","11":"product_tag-stupel-chaldica","12":"product_tag-stupel-na-chladic","13":"product_tag-vrchnak-chladica","14":"product_tag-vrchnak-na-chladic","16":"first","17":"onbackorder","18":"taxable","19":"shipping-taxable","20":"purchasable","21":"product-type-simple","22":"customify-col"},"aioseo_notices":[],"_links":{"self":[{"href":"https:\/\/motokary-karting.sk\/cz\/wp-json\/wp\/v2\/product\/19911","targetHints":{"allow":["GET"]}}],"collection":[{"href":"https:\/\/motokary-karting.sk\/cz\/wp-json\/wp\/v2\/product"}],"about":[{"href":"https:\/\/motokary-karting.sk\/cz\/wp-json\/wp\/v2\/types\/product"}],"wp:featuredmedia":[{"embeddable":true,"href":"https:\/\/motokary-karting.sk\/cz\/wp-json\/wp\/v2\/media\/19912"}],"wp:attachment":[{"href":"https:\/\/motokary-karting.sk\/cz\/wp-json\/wp\/v2\/media?parent=19911"}],"wp:term":[{"taxonomy":"product_brand","embeddable":true,"href":"https:\/\/motokary-karting.sk\/cz\/wp-json\/wp\/v2\/product_brand?post=19911"},{"taxonomy":"product_cat","embeddable":true,"href":"https:\/\/motokary-karting.sk\/cz\/wp-json\/wp\/v2\/product_cat?post=19911"},{"taxonomy":"product_tag","embeddable":true,"href":"https:\/\/motokary-karting.sk\/cz\/wp-json\/wp\/v2\/product_tag?post=19911"}],"curies":[{"name":"wp","href":"https:\/\/api.w.org\/{rel}","templated":true}]}}