{"id":1992,"date":"2020-08-02T12:03:09","date_gmt":"2020-08-02T12:03:09","guid":{"rendered":"https:\/\/motokary-karting.sk\/?post_type=product&#038;p=1992"},"modified":"2026-04-18T08:13:04","modified_gmt":"2026-04-18T08:13:04","slug":"neoprenove-rukavice-sparco-crw-cerne","status":"publish","type":"product","link":"https:\/\/motokary-karting.sk\/cz\/produkt\/sparco-neoprenove-rukavice-crw-cierne\/","title":{"rendered":"Sparco neoprenove rukavice CRW \u010dern\u00e9 - do de\u0161t\u011b"},"content":{"rendered":"<p>Neoprenov\u00e9 rukavice do chladn\u00e9ho po\u010das\u00ed<\/p>\n<p>Ergonomicky tvarovan\u00e1 dla\u0148 se silikonovou \u00fapravou pro dokonal\u00fd \u00fachop.<\/p>\n<p>Elastick\u00e9 s ut\u011bsn\u011bn\u00fdmi \u0161vy.<\/p>\n<p>SLO\u017dEN\u00cd: 100% neopren s 80% nylon + 20% spandex<\/p>","protected":false},"excerpt":{"rendered":"<p>Neoprenov\u00e9 rukavice do chladn\u00e9ho po\u010das\u00ed Ergonomicky tvarovan\u00e1 dla\u0148 se silikonovou \u00fapravou pro dokonal\u00fd \u00fachop. Elastick\u00e9 s ut\u011bsn\u011bn\u00fdmi \u0161vy. SLO\u017dEN\u00cd: 100% neopren s 80% nylonov\u00e9 slo\u017een\u00ed...<\/p>","protected":false},"featured_media":1994,"template":"","meta":[],"product_brand":[],"product_cat":[15,93,18],"product_tag":[473,142,1344,2099,81,475,2100,472,26,2097,2098,474],"class_list":{"0":"post-1992","1":"product","2":"type-product","3":"status-publish","4":"has-post-thumbnail","6":"product_cat-rukavice","7":"product_cat-sparco","8":"product_cat-vybava-pretekara","9":"product_tag-kart-racing","10":"product_tag-karting","11":"product_tag-karting-shop","12":"product_tag-motokarove-rukavice-do-dazda","13":"product_tag-motokary","14":"product_tag-neoprenove-rukavice","15":"product_tag-rukavice-dodazda","16":"product_tag-rukavice-sparco","17":"product_tag-sparco","18":"product_tag-sparco-crw","19":"product_tag-sparco-crw-rukavice","20":"product_tag-sparco-rukavice","22":"first","23":"instock","24":"taxable","25":"shipping-taxable","26":"purchasable","27":"product-type-variable","28":"customify-col","29":"product-has-gallery"},"aioseo_notices":[],"_links":{"self":[{"href":"https:\/\/motokary-karting.sk\/cz\/wp-json\/wp\/v2\/product\/1992","targetHints":{"allow":["GET"]}}],"collection":[{"href":"https:\/\/motokary-karting.sk\/cz\/wp-json\/wp\/v2\/product"}],"about":[{"href":"https:\/\/motokary-karting.sk\/cz\/wp-json\/wp\/v2\/types\/product"}],"wp:featuredmedia":[{"embeddable":true,"href":"https:\/\/motokary-karting.sk\/cz\/wp-json\/wp\/v2\/media\/1994"}],"wp:attachment":[{"href":"https:\/\/motokary-karting.sk\/cz\/wp-json\/wp\/v2\/media?parent=1992"}],"wp:term":[{"taxonomy":"product_brand","embeddable":true,"href":"https:\/\/motokary-karting.sk\/cz\/wp-json\/wp\/v2\/product_brand?post=1992"},{"taxonomy":"product_cat","embeddable":true,"href":"https:\/\/motokary-karting.sk\/cz\/wp-json\/wp\/v2\/product_cat?post=1992"},{"taxonomy":"product_tag","embeddable":true,"href":"https:\/\/motokary-karting.sk\/cz\/wp-json\/wp\/v2\/product_tag?post=1992"}],"curies":[{"name":"wp","href":"https:\/\/api.w.org\/{rel}","templated":true}]}}