{"id":19929,"date":"2023-07-16T13:44:22","date_gmt":"2023-07-16T13:44:22","guid":{"rendered":"https:\/\/motokary-karting.sk\/?post_type=product&#038;p=19929"},"modified":"2023-11-27T08:11:16","modified_gmt":"2023-11-27T08:11:16","slug":"lozisko-s-dlouhou-zivotnosti-17-mm-vnitrni-prumer-40-vnejsi-prumer","status":"publish","type":"product","link":"https:\/\/motokary-karting.sk\/cz\/produkt\/longlife-lozisko-17mm-vnutorny-priemer-40-vonkajsi-priemer\/","title":{"rendered":"Lo\u017eisko LONGLIFE vnit\u0159n\u00ed pr\u016fm\u011br 17 mm vn\u011bj\u0161\u00ed pr\u016fm\u011br 40 mm"},"content":{"rendered":"","protected":false},"excerpt":{"rendered":"","protected":false},"featured_media":19930,"template":"","meta":[],"product_brand":[],"product_cat":[209,399,271,650,1464],"product_tag":[142,410,411,81,297,408,409],"class_list":{"0":"post-19929","1":"product","2":"type-product","3":"status-publish","4":"has-post-thumbnail","6":"product_cat-disky-prislusenstvo","7":"product_cat-naboje-a-unasace","8":"product_cat-nahradne-diely-na-podvozky","9":"product_cat-o-17mm","10":"product_cat-predne","11":"product_tag-karting","12":"product_tag-lozisko","13":"product_tag-lozisko-naboja","14":"product_tag-motokary","15":"product_tag-naboj","16":"product_tag-naboj-kolesa","17":"product_tag-predny-naboj","19":"first","20":"onbackorder","21":"taxable","22":"shipping-taxable","23":"purchasable","24":"product-type-simple","25":"customify-col"},"aioseo_notices":[],"_links":{"self":[{"href":"https:\/\/motokary-karting.sk\/cz\/wp-json\/wp\/v2\/product\/19929","targetHints":{"allow":["GET"]}}],"collection":[{"href":"https:\/\/motokary-karting.sk\/cz\/wp-json\/wp\/v2\/product"}],"about":[{"href":"https:\/\/motokary-karting.sk\/cz\/wp-json\/wp\/v2\/types\/product"}],"wp:featuredmedia":[{"embeddable":true,"href":"https:\/\/motokary-karting.sk\/cz\/wp-json\/wp\/v2\/media\/19930"}],"wp:attachment":[{"href":"https:\/\/motokary-karting.sk\/cz\/wp-json\/wp\/v2\/media?parent=19929"}],"wp:term":[{"taxonomy":"product_brand","embeddable":true,"href":"https:\/\/motokary-karting.sk\/cz\/wp-json\/wp\/v2\/product_brand?post=19929"},{"taxonomy":"product_cat","embeddable":true,"href":"https:\/\/motokary-karting.sk\/cz\/wp-json\/wp\/v2\/product_cat?post=19929"},{"taxonomy":"product_tag","embeddable":true,"href":"https:\/\/motokary-karting.sk\/cz\/wp-json\/wp\/v2\/product_tag?post=19929"}],"curies":[{"name":"wp","href":"https:\/\/api.w.org\/{rel}","templated":true}]}}