{"id":2027,"date":"2025-12-05T11:32:57","date_gmt":"2025-12-05T11:32:57","guid":{"rendered":"https:\/\/motokary-karting.sk\/?post_type=product&#038;p=2027"},"modified":"2026-01-28T18:04:26","modified_gmt":"2026-01-28T18:04:26","slug":"alpinestars-rukavice-tempest-v2-pro-dazda","status":"publish","type":"product","link":"https:\/\/motokary-karting.sk\/cz\/produkt\/alpinestars-rukavice-tempest-v2-do-dazda\/","title":{"rendered":"Rukavice Alpinestars TEMPEST v3 WP (vod\u011bodoln\u00e9)"},"content":{"rendered":"<p>Rukavice Alpinestars Tempest v3 WP Kart jsou polstrovan\u00e9 rukavice ur\u010den\u00e9 pro venkovn\u00ed pou\u017eit\u00ed v de\u0161ti a v\u011btru.<\/p>\n<p>Vn\u011bj\u0161\u00ed softshellov\u00fd materi\u00e1l je vodoodpudiv\u00fd, zat\u00edmco m\u011bkk\u00e1 fleecov\u00e1 pod\u0161\u00edvka poskytuje teplo a izolaci. Navzdory polstrov\u00e1n\u00ed nab\u00edz\u00ed pogumovan\u00e1 dla\u0148 vynikaj\u00edc\u00ed p\u0159ilnavost a p\u0159\u00edjemn\u00fd pocit za ka\u017ed\u00e9ho po\u010das\u00ed.<\/p>","protected":false},"excerpt":{"rendered":"<p>Rukavice Alpinestars Tempest v3 WP Kart jsou polstrovan\u00e9 rukavice ur\u010den\u00e9 pro venkovn\u00ed pou\u017eit\u00ed v de\u0161ti a v\u011btru. Vn\u011bj\u0161\u00ed softshellov\u00fd materi\u00e1l je vodoodpudiv\u00fd, zat\u00edmco m\u011bkk\u00fd materi\u00e1l je...<\/p>","protected":false},"featured_media":30051,"template":"","meta":[],"product_brand":[],"product_cat":[82,15,18],"product_tag":[79,2102,142,1344,2103,81,83,479,2101,480],"class_list":{"0":"post-2027","1":"product","2":"type-product","3":"status-publish","4":"has-post-thumbnail","6":"product_cat-alpinestars","7":"product_cat-rukavice","8":"product_cat-vybava-pretekara","9":"product_tag-alpinestars","10":"product_tag-alpinestars-tempest","11":"product_tag-karting","12":"product_tag-karting-shop","13":"product_tag-kartingove-rukavice","14":"product_tag-motokary","15":"product_tag-rukavice","16":"product_tag-rukavice-alpinestars-tempest","17":"product_tag-rukavice-do-dazda","18":"product_tag-rukavice-do-dazda-motokary","20":"first","21":"onbackorder","22":"taxable","23":"shipping-taxable","24":"purchasable","25":"product-type-variable","26":"customify-col","27":"product-has-gallery"},"aioseo_notices":[],"_links":{"self":[{"href":"https:\/\/motokary-karting.sk\/cz\/wp-json\/wp\/v2\/product\/2027","targetHints":{"allow":["GET"]}}],"collection":[{"href":"https:\/\/motokary-karting.sk\/cz\/wp-json\/wp\/v2\/product"}],"about":[{"href":"https:\/\/motokary-karting.sk\/cz\/wp-json\/wp\/v2\/types\/product"}],"wp:featuredmedia":[{"embeddable":true,"href":"https:\/\/motokary-karting.sk\/cz\/wp-json\/wp\/v2\/media\/30051"}],"wp:attachment":[{"href":"https:\/\/motokary-karting.sk\/cz\/wp-json\/wp\/v2\/media?parent=2027"}],"wp:term":[{"taxonomy":"product_brand","embeddable":true,"href":"https:\/\/motokary-karting.sk\/cz\/wp-json\/wp\/v2\/product_brand?post=2027"},{"taxonomy":"product_cat","embeddable":true,"href":"https:\/\/motokary-karting.sk\/cz\/wp-json\/wp\/v2\/product_cat?post=2027"},{"taxonomy":"product_tag","embeddable":true,"href":"https:\/\/motokary-karting.sk\/cz\/wp-json\/wp\/v2\/product_tag?post=2027"}],"curies":[{"name":"wp","href":"https:\/\/api.w.org\/{rel}","templated":true}]}}