{"id":2036,"date":"2020-08-02T12:33:19","date_gmt":"2020-08-02T12:33:19","guid":{"rendered":"https:\/\/motokary-karting.sk\/?post_type=product&#038;p=2036"},"modified":"2026-02-11T10:52:24","modified_gmt":"2026-02-11T10:52:24","slug":"alpinestars-indoor-oblek-cerno-cerveny","status":"publish","type":"product","link":"https:\/\/motokary-karting.sk\/cz\/produkt\/alpinestars-kombineza-indoor-cierno-cervena\/","title":{"rendered":"Kombin\u00e9za Alpinestars INDOOR v2"},"content":{"rendered":"<p>Ide\u00e1ln\u00ed pro vnit\u0159n\u00ed motok\u00e1ry nebo jako kombin\u00e9za pro mechaniky. Stylizovan\u00e1 jako profesion\u00e1ln\u00ed z\u00e1vodn\u00ed kombin\u00e9za s kontrastn\u00edmi ramenn\u00edmi popruhy, bo\u010dn\u00edmi kapsami, opaskem a pro\u0161\u00edv\u00e1n\u00edm do V. Rozp\u011bt\u00ed nohavic v designu NASCAR bez opasku a s individu\u00e1ln\u00edm nastaven\u00edm \u0161\u00ed\u0159ky.<\/p>","protected":false},"excerpt":{"rendered":"<p>Ide\u00e1ln\u00ed pro vnit\u0159n\u00ed motok\u00e1ry nebo jako kombin\u00e9za pro mechaniky. Stylov\u00e1 jako profesion\u00e1ln\u00ed z\u00e1vodn\u00ed kombin\u00e9za s kontrastn\u00edmi ramenn\u00edmi popruhy, bo\u010dn\u00edmi kapsami, p\u00e1skem a pro\u0161\u00edv\u00e1n\u00edm v...<\/p>","protected":false},"featured_media":29807,"template":"","meta":[],"product_brand":[],"product_cat":[84,22,18],"product_tag":[79,1502,483,142,1344,481,482,81],"class_list":{"0":"post-2036","1":"product","2":"type-product","3":"status-publish","4":"has-post-thumbnail","6":"product_cat-alpinestars-kombinezy","7":"product_cat-kombinezy","8":"product_cat-vybava-pretekara","9":"product_tag-alpinestars","10":"product_tag-alpinestars-indoor","11":"product_tag-hobby-kombineza","12":"product_tag-karting","13":"product_tag-karting-shop","14":"product_tag-kombineza-indoor","15":"product_tag-kombineza-na-motokary","16":"product_tag-motokary","18":"first","19":"onbackorder","20":"taxable","21":"shipping-taxable","22":"purchasable","23":"product-type-variable","24":"customify-col","25":"product-has-gallery"},"aioseo_notices":[],"_links":{"self":[{"href":"https:\/\/motokary-karting.sk\/cz\/wp-json\/wp\/v2\/product\/2036","targetHints":{"allow":["GET"]}}],"collection":[{"href":"https:\/\/motokary-karting.sk\/cz\/wp-json\/wp\/v2\/product"}],"about":[{"href":"https:\/\/motokary-karting.sk\/cz\/wp-json\/wp\/v2\/types\/product"}],"wp:featuredmedia":[{"embeddable":true,"href":"https:\/\/motokary-karting.sk\/cz\/wp-json\/wp\/v2\/media\/29807"}],"wp:attachment":[{"href":"https:\/\/motokary-karting.sk\/cz\/wp-json\/wp\/v2\/media?parent=2036"}],"wp:term":[{"taxonomy":"product_brand","embeddable":true,"href":"https:\/\/motokary-karting.sk\/cz\/wp-json\/wp\/v2\/product_brand?post=2036"},{"taxonomy":"product_cat","embeddable":true,"href":"https:\/\/motokary-karting.sk\/cz\/wp-json\/wp\/v2\/product_cat?post=2036"},{"taxonomy":"product_tag","embeddable":true,"href":"https:\/\/motokary-karting.sk\/cz\/wp-json\/wp\/v2\/product_tag?post=2036"}],"curies":[{"name":"wp","href":"https:\/\/api.w.org\/{rel}","templated":true}]}}