{"id":20364,"date":"2023-11-28T13:06:50","date_gmt":"2023-11-28T13:06:50","guid":{"rendered":"https:\/\/motokary-karting.sk\/?post_type=product&#038;p=20364"},"modified":"2026-01-19T10:20:40","modified_gmt":"2026-01-19T10:20:40","slug":"sparco-replika-80-martini-racing-plate","status":"publish","type":"product","link":"https:\/\/motokary-karting.sk\/cz\/produkt\/sparco-destnik-replica-80-martini-racing\/","title":{"rendered":"Replika de\u0161tn\u00edku Sparco 80 MARTINI RACING"},"content":{"rendered":"<p>Automatick\u00fd polyesterov\u00fd de\u0161tn\u00edk ve speci\u00e1ln\u00ed edici MARTINI RACING!<\/p>\n<p>&nbsp;<\/p>","protected":false},"excerpt":{"rendered":"<p>Automatick\u00fd polyesterov\u00fd de\u0161tn\u00edk ve speci\u00e1ln\u00ed edici MARTINI RACING! &nbsp;<\/p>","protected":false},"featured_media":20365,"template":"","meta":[],"product_brand":[],"product_cat":[32,1458,742,158],"product_tag":[1426,142,81,945,959,26,1425,946,955],"class_list":{"0":"post-20364","1":"product","2":"type-product","3":"status-publish","4":"has-post-thumbnail","6":"product_cat-lifestyle-oblecenie-a-produkty-na-volny-cas","7":"product_cat-martini-racing","8":"product_cat-ostatne-lifestyloblecenieadoplnky","9":"product_cat-tip-na-darcek","10":"product_tag-dazdnik-sparco","11":"product_tag-karting","12":"product_tag-motokary","13":"product_tag-predajna-sparco","14":"product_tag-skoba-na-kluce","15":"product_tag-sparco","16":"product_tag-sparco-dazdnik","17":"product_tag-sparco-dealer","18":"product_tag-sparco-predajna","20":"first","21":"onbackorder","22":"taxable","23":"shipping-taxable","24":"purchasable","25":"product-type-simple","26":"customify-col","27":"product-has-gallery"},"aioseo_notices":[],"_links":{"self":[{"href":"https:\/\/motokary-karting.sk\/cz\/wp-json\/wp\/v2\/product\/20364","targetHints":{"allow":["GET"]}}],"collection":[{"href":"https:\/\/motokary-karting.sk\/cz\/wp-json\/wp\/v2\/product"}],"about":[{"href":"https:\/\/motokary-karting.sk\/cz\/wp-json\/wp\/v2\/types\/product"}],"wp:featuredmedia":[{"embeddable":true,"href":"https:\/\/motokary-karting.sk\/cz\/wp-json\/wp\/v2\/media\/20365"}],"wp:attachment":[{"href":"https:\/\/motokary-karting.sk\/cz\/wp-json\/wp\/v2\/media?parent=20364"}],"wp:term":[{"taxonomy":"product_brand","embeddable":true,"href":"https:\/\/motokary-karting.sk\/cz\/wp-json\/wp\/v2\/product_brand?post=20364"},{"taxonomy":"product_cat","embeddable":true,"href":"https:\/\/motokary-karting.sk\/cz\/wp-json\/wp\/v2\/product_cat?post=20364"},{"taxonomy":"product_tag","embeddable":true,"href":"https:\/\/motokary-karting.sk\/cz\/wp-json\/wp\/v2\/product_tag?post=20364"}],"curies":[{"name":"wp","href":"https:\/\/api.w.org\/{rel}","templated":true}]}}