{"id":20366,"date":"2024-12-12T13:13:49","date_gmt":"2024-12-12T13:13:49","guid":{"rendered":"https:\/\/motokary-karting.sk\/?post_type=product&#038;p=20366"},"modified":"2026-04-09T07:03:05","modified_gmt":"2026-04-09T07:03:05","slug":"tricko-sparco-tech","status":"publish","type":"product","link":"https:\/\/motokary-karting.sk\/cz\/produkt\/sparco-tech-t-shirt\/","title":{"rendered":"Tri\u010dko Sparco Tech"},"content":{"rendered":"<p>Tri\u010dko Sparco Teamwork ze sm\u011bsov\u00e9 tkaniny s pik\u00e9 efektem. Reflexn\u00ed prvky na ramenou a ruk\u00e1vech pro v\u011bt\u0161\u00ed bezpe\u010dnost.<\/p>\n<p>50% bavlna, 50% polyester<\/p>","protected":false},"excerpt":{"rendered":"<p>Tri\u010dko Sparco Teamwork ze sm\u011bsov\u00e9 tkaniny s pik\u00e9 efektem. Reflexn\u00ed prvky na ramenou a ruk\u00e1vech pro v\u011bt\u0161\u00ed bezpe\u010dnost. Materi\u00e1l: 50% bavlna, 50% polyester.<\/p>","protected":false},"featured_media":27028,"template":"","meta":[],"product_brand":[],"product_cat":[32,158,655],"product_tag":[1728,142,1344,81,945,26,1041,1755,993,261,466],"class_list":{"0":"post-20366","1":"product","2":"type-product","3":"status-publish","4":"has-post-thumbnail","6":"product_cat-lifestyle-oblecenie-a-produkty-na-volny-cas","7":"product_cat-tip-na-darcek","8":"product_cat-tricka","9":"product_tag-kart-shop","10":"product_tag-karting","11":"product_tag-karting-shop","12":"product_tag-motokary","13":"product_tag-predajna-sparco","14":"product_tag-sparco","15":"product_tag-sparco-rookie","16":"product_tag-sparco-shop","17":"product_tag-sparco-tricko","18":"product_tag-tricko","19":"product_tag-tricko-sparco","21":"first","22":"onbackorder","23":"taxable","24":"shipping-taxable","25":"purchasable","26":"product-type-variable","27":"customify-col","28":"product-has-gallery"},"aioseo_notices":[],"_links":{"self":[{"href":"https:\/\/motokary-karting.sk\/cz\/wp-json\/wp\/v2\/product\/20366","targetHints":{"allow":["GET"]}}],"collection":[{"href":"https:\/\/motokary-karting.sk\/cz\/wp-json\/wp\/v2\/product"}],"about":[{"href":"https:\/\/motokary-karting.sk\/cz\/wp-json\/wp\/v2\/types\/product"}],"wp:featuredmedia":[{"embeddable":true,"href":"https:\/\/motokary-karting.sk\/cz\/wp-json\/wp\/v2\/media\/27028"}],"wp:attachment":[{"href":"https:\/\/motokary-karting.sk\/cz\/wp-json\/wp\/v2\/media?parent=20366"}],"wp:term":[{"taxonomy":"product_brand","embeddable":true,"href":"https:\/\/motokary-karting.sk\/cz\/wp-json\/wp\/v2\/product_brand?post=20366"},{"taxonomy":"product_cat","embeddable":true,"href":"https:\/\/motokary-karting.sk\/cz\/wp-json\/wp\/v2\/product_cat?post=20366"},{"taxonomy":"product_tag","embeddable":true,"href":"https:\/\/motokary-karting.sk\/cz\/wp-json\/wp\/v2\/product_tag?post=20366"}],"curies":[{"name":"wp","href":"https:\/\/api.w.org\/{rel}","templated":true}]}}