{"id":20496,"date":"2025-01-01T08:44:44","date_gmt":"2025-01-01T08:44:44","guid":{"rendered":"https:\/\/motokary-karting.sk\/?post_type=product&#038;p=20496"},"modified":"2025-01-01T13:37:03","modified_gmt":"2025-01-01T13:37:03","slug":"omp-tricko-pod-kombinezu-ks","status":"publish","type":"product","link":"https:\/\/motokary-karting.sk\/cz\/produkt\/omp-tricko-pod-kombinezu-ks\/","title":{"rendered":"Tri\u010dko OMP pod kombin\u00e9zu KS"},"content":{"rendered":"<p>Lehk\u00e9, elastick\u00e9 motok\u00e1rov\u00e9 spodky z m\u011bkk\u00e9ho polyesteru, kter\u00e9 jsou p\u0159esn\u011b tou spr\u00e1vnou volbou pro za\u010d\u00e1te\u010dn\u00edky i profesion\u00e1ly. Technick\u00e9 antibakteri\u00e1ln\u00ed vl\u00e1kno okam\u017eit\u011b odv\u00e1d\u00ed vlhkost a udr\u017euje v\u00e1s v p\u0159\u00edjemn\u00e9m suchu. T\u00e9m\u011b\u0159 beze\u0161v\u00fd design dopl\u0148uj\u00ed barevn\u00e9 aplikace a \u0161t\u00edtky s povrchov\u00fdm potiskem, kter\u00e9 nam\u00edsto obvykl\u00fdch na\u0161it\u00fdch log a \u0161t\u00edtk\u016f nep\u016fsob\u00ed objemn\u011b ani ru\u0161iv\u011b. Pohodln\u00fd st\u0159ih zaru\u010duje nejlep\u0161\u00ed komfort p\u0159i no\u0161en\u00ed.<\/p>","protected":false},"excerpt":{"rendered":"<p>Lehk\u00e9, elastick\u00e9 motok\u00e1rov\u00e9 spodky z m\u011bkk\u00e9ho polyesteru, kter\u00e9 jsou p\u0159esn\u011b tou spr\u00e1vnou volbou pro za\u010d\u00e1te\u010dn\u00edky i profesion\u00e1ly. Technick\u00e9, antibakteri\u00e1ln\u00ed vl\u00e1kno okam\u017eit\u011b odv\u00e1d\u00ed vlhkost...<\/p>","protected":false},"featured_media":27498,"template":"","meta":[],"product_brand":[],"product_cat":[465,18],"product_tag":[142,81,25,1734,454,261,1732,457],"class_list":{"0":"post-20496","1":"product","2":"type-product","3":"status-publish","4":"has-post-thumbnail","6":"product_cat-tricka-a-spodne-pradlo","7":"product_cat-vybava-pretekara","8":"product_tag-karting","9":"product_tag-motokary","10":"product_tag-omp","11":"product_tag-omp-ks-sprint","12":"product_tag-spodne-tricko","13":"product_tag-tricko","14":"product_tag-tricko-omp-summer","15":"product_tag-tricko-pod-kombinezu","17":"first","18":"onbackorder","19":"taxable","20":"shipping-taxable","21":"purchasable","22":"product-type-variable","23":"customify-col","24":"product-has-gallery"},"aioseo_notices":[],"_links":{"self":[{"href":"https:\/\/motokary-karting.sk\/cz\/wp-json\/wp\/v2\/product\/20496","targetHints":{"allow":["GET"]}}],"collection":[{"href":"https:\/\/motokary-karting.sk\/cz\/wp-json\/wp\/v2\/product"}],"about":[{"href":"https:\/\/motokary-karting.sk\/cz\/wp-json\/wp\/v2\/types\/product"}],"wp:featuredmedia":[{"embeddable":true,"href":"https:\/\/motokary-karting.sk\/cz\/wp-json\/wp\/v2\/media\/27498"}],"wp:attachment":[{"href":"https:\/\/motokary-karting.sk\/cz\/wp-json\/wp\/v2\/media?parent=20496"}],"wp:term":[{"taxonomy":"product_brand","embeddable":true,"href":"https:\/\/motokary-karting.sk\/cz\/wp-json\/wp\/v2\/product_brand?post=20496"},{"taxonomy":"product_cat","embeddable":true,"href":"https:\/\/motokary-karting.sk\/cz\/wp-json\/wp\/v2\/product_cat?post=20496"},{"taxonomy":"product_tag","embeddable":true,"href":"https:\/\/motokary-karting.sk\/cz\/wp-json\/wp\/v2\/product_tag?post=20496"}],"curies":[{"name":"wp","href":"https:\/\/api.w.org\/{rel}","templated":true}]}}