{"id":20540,"date":"2023-12-01T09:27:31","date_gmt":"2023-12-01T09:27:31","guid":{"rendered":"https:\/\/motokary-karting.sk\/?post_type=product&#038;p=20540"},"modified":"2026-02-11T10:25:01","modified_gmt":"2026-02-11T10:25:01","slug":"alpinestars-chranic-zeber-ak-1-homologovany-fia","status":"publish","type":"product","link":"https:\/\/motokary-karting.sk\/cz\/produkt\/alpinestars-rebrovy-chranic-ak-1-homologovany-fia\/","title":{"rendered":"Chr\u00e1ni\u010d \u017eeber Alpinestars AK-1"},"content":{"rendered":"<p>Inovativn\u00ed a z\u00e1vodn\u00ed ochrann\u00e1 vesta Alpinestars AK-1, vyvinut\u00e1 a homologovan\u00e1 podle nejnov\u011bj\u0161\u00ed normy FIA8870-2018.<\/p>\n<p>Ergonomicky navr\u017een\u00e1 a vyroben\u00e1 z lehk\u00e9ho termosetov\u00e9ho materi\u00e1lu z uhl\u00edkov\u00fdch vl\u00e1ken skv\u011ble padne. Ochrann\u00e1 vesta m\u00e1 m\u011bkk\u00e9 a pohodln\u00e9 polstrov\u00e1n\u00ed a d\u00edky praktick\u00e9mu rychloup\u00ednac\u00edmu uz\u00e1v\u011bru a dv\u011bma nastaviteln\u00fdm elastick\u00fdm ramenn\u00edm popruh\u016fm se snadno obl\u00e9k\u00e1 a svl\u00e9k\u00e1.<\/p>\n<p>Tato vesta nab\u00edz\u00ed nejen vynikaj\u00edc\u00ed ochranu, ale je tak\u00e9 velmi lehk\u00e1 a velmi pohodln\u00e1 na no\u0161en\u00ed.<\/p>\n<p>N\u00c1\u0160 TIP: Pro optim\u00e1ln\u00ed v\u00fdkon a dlouhou \u017eivotnost ochrann\u00e9 vesty ji doporu\u010dujeme nosit pod kombin\u00e9zou!<\/p>\n<p><strong>TABULKA VELIKOST\u00cd VE FOTOGALERII<\/strong><\/p>","protected":false},"excerpt":{"rendered":"<p>Inovativn\u00ed a z\u00e1vodn\u00ed ochrann\u00e1 vesta Alpinestars AK-1, vyvinut\u00e1 a homologovan\u00e1 podle nejnov\u011bj\u0161\u00ed normy FIA8870-2018. Ergonomicky navr\u017een\u00e1 a vyroben\u00e1 z lehk\u00e9ho termosetov\u00e9ho materi\u00e1lu z...<\/p>","protected":false},"featured_media":20549,"template":"","meta":[],"product_brand":[],"product_cat":[88,18],"product_tag":[79,3307,142,1344,81,720,1285,1203,89],"class_list":{"0":"post-20540","1":"product","2":"type-product","3":"status-publish","4":"has-post-thumbnail","6":"product_cat-ochrana-rebier","7":"product_cat-vybava-pretekara","8":"product_tag-alpinestars","9":"product_tag-alpinestars-ak-1","10":"product_tag-karting","11":"product_tag-karting-shop","12":"product_tag-motokary","13":"product_tag-ochrana-rebier","14":"product_tag-rebrovy-chranic-alpinestars","15":"product_tag-rebrovy-chranic-na-motokary","16":"product_tag-rebrovychranic","18":"first","19":"onbackorder","20":"taxable","21":"shipping-taxable","22":"purchasable","23":"product-type-variable","24":"customify-col","25":"product-has-gallery"},"aioseo_notices":[],"_links":{"self":[{"href":"https:\/\/motokary-karting.sk\/cz\/wp-json\/wp\/v2\/product\/20540","targetHints":{"allow":["GET"]}}],"collection":[{"href":"https:\/\/motokary-karting.sk\/cz\/wp-json\/wp\/v2\/product"}],"about":[{"href":"https:\/\/motokary-karting.sk\/cz\/wp-json\/wp\/v2\/types\/product"}],"wp:featuredmedia":[{"embeddable":true,"href":"https:\/\/motokary-karting.sk\/cz\/wp-json\/wp\/v2\/media\/20549"}],"wp:attachment":[{"href":"https:\/\/motokary-karting.sk\/cz\/wp-json\/wp\/v2\/media?parent=20540"}],"wp:term":[{"taxonomy":"product_brand","embeddable":true,"href":"https:\/\/motokary-karting.sk\/cz\/wp-json\/wp\/v2\/product_brand?post=20540"},{"taxonomy":"product_cat","embeddable":true,"href":"https:\/\/motokary-karting.sk\/cz\/wp-json\/wp\/v2\/product_cat?post=20540"},{"taxonomy":"product_tag","embeddable":true,"href":"https:\/\/motokary-karting.sk\/cz\/wp-json\/wp\/v2\/product_tag?post=20540"}],"curies":[{"name":"wp","href":"https:\/\/api.w.org\/{rel}","templated":true}]}}