{"id":20683,"date":"2026-02-10T11:47:04","date_gmt":"2026-02-10T11:47:04","guid":{"rendered":"https:\/\/motokary-karting.sk\/?post_type=product&#038;p=20683"},"modified":"2026-02-11T11:11:36","modified_gmt":"2026-02-11T11:11:36","slug":"prilba-schuberth-sk1-carbon-karting","status":"publish","type":"product","link":"https:\/\/motokary-karting.sk\/cz\/produkt\/schuberth-prilba-sk1-carbon-karting\/","title":{"rendered":"P\u0159ilba Schuberth SK1 Carbon EVO Karting"},"content":{"rendered":"<p>V\u00fdjime\u010dn\u011b lehk\u00e1 d\u011btsk\u00e1 motok\u00e1rov\u00e1 p\u0159ilba Schuberth s vynikaj\u00edc\u00edm p\u0159izp\u016fsoben\u00edm, homologovan\u00e1 podle normy Snell CMR2016. Identick\u00fd, aerodynamicky optimalizovan\u00fd tvar sko\u0159epiny jako u \u0161pi\u010dkov\u00e9ho modelu SF3, kter\u00fd pou\u017e\u00edv\u00e1 mimo jin\u00e9 Max Verstappen ve Formuli 1. Dvan\u00e1ct vzduchov\u00fdch kan\u00e1lk\u016f integrovan\u00fdch do EPS vlo\u017eky zaji\u0161\u0165uje optim\u00e1ln\u00ed ventilaci.<\/p>\n<p>3D vst\u0159ikovan\u00fd \u0161t\u00edt o tlou\u0161\u0165ce 3 mm s vlo\u017ekou Pinlock pro optim\u00e1ln\u00ed ochranu proti zaml\u017een\u00ed. Inovativn\u00ed dvoustup\u0148ov\u00fd mechanismus zamyk\u00e1n\u00ed \u0161t\u00edtu pro snadn\u00e9 a bezpe\u010dn\u00e9 ovl\u00e1d\u00e1n\u00ed. D\u00edky \u0161irok\u00e9 \u0161k\u00e1le p\u0159\u00edslu\u0161enstv\u00ed lze SK1 CARBON EVO KARTING p\u0159izp\u016fsobit jak\u00fdmkoli po\u017eadavk\u016fm na pohodl\u00ed, aerodynamiku a estetiku.<\/p>\n<p>Barva: Karbonov\u00e1 vl\u00e1kna s matn\u00fdm povrchem<br \/>\nHmotnost*: 1 090 g (XXS - S) \/ 1 190 g (M - L\/XL)<\/p>\n<p>*+\/- 30 g<\/p>","protected":false},"excerpt":{"rendered":"<p>V\u00fdjime\u010dn\u011b lehk\u00e1 d\u011btsk\u00e1 motok\u00e1rov\u00e1 p\u0159ilba Schuberth s vynikaj\u00edc\u00edm p\u0159izp\u016fsoben\u00edm, homologovan\u00e1 podle normy Snell CMR2016. Stejn\u00fd, aerodynamicky optimalizovan\u00fd tvar sko\u0159epiny jako u \u0161pi\u010dkov\u00e9ho modelu SF3, kter\u00fd je...<\/p>","protected":false},"featured_media":32843,"template":"","meta":[],"product_brand":[],"product_cat":[21,3316,18],"product_tag":[1344,3314,954,3312,3313,3315,3311,3310],"class_list":{"0":"post-20683","1":"product","2":"type-product","3":"status-publish","4":"has-post-thumbnail","6":"product_cat-prilby","7":"product_cat-schuberth","8":"product_cat-vybava-pretekara","9":"product_tag-karting-shop","10":"product_tag-mokokarova-prilba-schuberth","11":"product_tag-motokar","12":"product_tag-prilba-schuberth","13":"product_tag-prilba-schuberth-karting","14":"product_tag-schuberth-ccarbon-helmet","15":"product_tag-schuberth-prilba","16":"product_tag-schuberth-prilba-sk1-carbon-karting","18":"first","19":"onbackorder","20":"taxable","21":"shipping-taxable","22":"purchasable","23":"product-type-variable","24":"customify-col","25":"product-has-gallery"},"aioseo_notices":[],"_links":{"self":[{"href":"https:\/\/motokary-karting.sk\/cz\/wp-json\/wp\/v2\/product\/20683","targetHints":{"allow":["GET"]}}],"collection":[{"href":"https:\/\/motokary-karting.sk\/cz\/wp-json\/wp\/v2\/product"}],"about":[{"href":"https:\/\/motokary-karting.sk\/cz\/wp-json\/wp\/v2\/types\/product"}],"wp:featuredmedia":[{"embeddable":true,"href":"https:\/\/motokary-karting.sk\/cz\/wp-json\/wp\/v2\/media\/32843"}],"wp:attachment":[{"href":"https:\/\/motokary-karting.sk\/cz\/wp-json\/wp\/v2\/media?parent=20683"}],"wp:term":[{"taxonomy":"product_brand","embeddable":true,"href":"https:\/\/motokary-karting.sk\/cz\/wp-json\/wp\/v2\/product_brand?post=20683"},{"taxonomy":"product_cat","embeddable":true,"href":"https:\/\/motokary-karting.sk\/cz\/wp-json\/wp\/v2\/product_cat?post=20683"},{"taxonomy":"product_tag","embeddable":true,"href":"https:\/\/motokary-karting.sk\/cz\/wp-json\/wp\/v2\/product_tag?post=20683"}],"curies":[{"name":"wp","href":"https:\/\/api.w.org\/{rel}","templated":true}]}}