{"id":2086,"date":"2020-08-02T21:12:19","date_gmt":"2020-08-02T21:12:19","guid":{"rendered":"https:\/\/motokary-karting.sk\/?post_type=product&#038;p=2086"},"modified":"2021-12-06T10:23:57","modified_gmt":"2021-12-06T10:23:57","slug":"kompletni-brzdy-speed-evo2-cik-fia-plovouci-kotouc","status":"publish","type":"product","link":"https:\/\/motokary-karting.sk\/cz\/produkt\/kompletna-brzda-speed-evo2-cik-fia-plavajuci-kotuc\/","title":{"rendered":"MA20 CIK\/FIA kompletn\u00ed zadn\u00ed brzda - plovouc\u00ed kotou\u010d"},"content":{"rendered":"","protected":false},"excerpt":{"rendered":"<p>Dod\u00e1n\u00ed do 7 dn\u016f<\/p>","protected":false},"featured_media":2088,"template":"","meta":[],"product_brand":[],"product_cat":[1551,302,271],"product_tag":[142,497,496,81,495],"class_list":{"0":"post-2086","1":"product","2":"type-product","3":"status-publish","4":"has-post-thumbnail","6":"product_cat-brzdove-sady-a-strmene","7":"product_cat-brzdy-prislusenstvo","8":"product_cat-nahradne-diely-na-podvozky","9":"product_tag-karting","10":"product_tag-komplet-brzda-speed-evo2-cik-fia","11":"product_tag-kompletna-brzda","12":"product_tag-motokary","13":"product_tag-zadna-brzda","15":"first","16":"onbackorder","17":"taxable","18":"shipping-taxable","19":"purchasable","20":"product-type-simple","21":"customify-col","22":"product-has-gallery"},"aioseo_notices":[],"_links":{"self":[{"href":"https:\/\/motokary-karting.sk\/cz\/wp-json\/wp\/v2\/product\/2086","targetHints":{"allow":["GET"]}}],"collection":[{"href":"https:\/\/motokary-karting.sk\/cz\/wp-json\/wp\/v2\/product"}],"about":[{"href":"https:\/\/motokary-karting.sk\/cz\/wp-json\/wp\/v2\/types\/product"}],"wp:featuredmedia":[{"embeddable":true,"href":"https:\/\/motokary-karting.sk\/cz\/wp-json\/wp\/v2\/media\/2088"}],"wp:attachment":[{"href":"https:\/\/motokary-karting.sk\/cz\/wp-json\/wp\/v2\/media?parent=2086"}],"wp:term":[{"taxonomy":"product_brand","embeddable":true,"href":"https:\/\/motokary-karting.sk\/cz\/wp-json\/wp\/v2\/product_brand?post=2086"},{"taxonomy":"product_cat","embeddable":true,"href":"https:\/\/motokary-karting.sk\/cz\/wp-json\/wp\/v2\/product_cat?post=2086"},{"taxonomy":"product_tag","embeddable":true,"href":"https:\/\/motokary-karting.sk\/cz\/wp-json\/wp\/v2\/product_tag?post=2086"}],"curies":[{"name":"wp","href":"https:\/\/api.w.org\/{rel}","templated":true}]}}