{"id":20992,"date":"2023-12-21T11:10:50","date_gmt":"2023-12-21T11:10:50","guid":{"rendered":"https:\/\/motokary-karting.sk\/?post_type=product&#038;p=20992"},"modified":"2026-03-21T08:26:21","modified_gmt":"2026-03-21T08:26:21","slug":"brasna-na-helmu-alpinestars-s-ventilaci-flow-v3","status":"publish","type":"product","link":"https:\/\/motokary-karting.sk\/cz\/produkt\/alpinestars-taska-na-prilbu-s-ventilaciou-flow-v3\/","title":{"rendered":"Vak na helmu Alpinestars s ventilac\u00ed FLOW v3"},"content":{"rendered":"<p>Praktick\u00e1 a pevn\u00e1 bra\u0161na na p\u0159ilbu z \u010dern\u00e9ho vodoodpudiv\u00e9ho polyesteru a prody\u0161n\u00e9 s\u00ed\u0165oviny. M\u011bkk\u00e1 fleecov\u00e1 pod\u0161\u00edvka. Vestav\u011bn\u00fd su\u0161\u00e1k na p\u0159ilbu pro optim\u00e1ln\u00ed cirkulaci vzduchu a su\u0161en\u00ed p\u0159ilby. Dal\u0161\u00ed p\u0159ihr\u00e1dka na zip na boku. Obsahuje poutka na p\u0159en\u00e1\u0161en\u00ed a odn\u00edmateln\u00fd popruh z pevn\u00e9ho popruhu.<\/p>\n<p>100% polyester<\/p>","protected":false},"excerpt":{"rendered":"<p>Praktick\u00e1 a pevn\u00e1 bra\u0161na na p\u0159ilbu z \u010dern\u00e9ho vodoodpudiv\u00e9ho polyesteru a prody\u0161n\u00e9 s\u00ed\u0165oviny. M\u011bkk\u00e1 fleecov\u00e1 pod\u0161\u00edvka. Vestav\u011bn\u00fd su\u0161\u00e1k na helmu pro optim\u00e1ln\u00ed cirkulaci vzduchu a...<\/p>","protected":false},"featured_media":20994,"template":"","meta":[],"product_brand":[],"product_cat":[32,21,734,1579,158],"product_tag":[1847,1845,1846,1848,1728,142,1344,81,1850,959,1849],"class_list":{"0":"post-20992","1":"product","2":"type-product","3":"status-publish","4":"has-post-thumbnail","6":"product_cat-lifestyle-oblecenie-a-produkty-na-volny-cas","7":"product_cat-prilby","8":"product_cat-ruksaky-tasky-na-prilby","9":"product_cat-tasky-na-prilby","10":"product_cat-tip-na-darcek","11":"product_tag-alpinestars-helmet-bag","12":"product_tag-alpinestars-shop","13":"product_tag-alpinestars-taska-na-prilbu","14":"product_tag-alpinestars-vrecko-na-prilbu","15":"product_tag-kart-shop","16":"product_tag-karting","17":"product_tag-karting-shop","18":"product_tag-motokary","19":"product_tag-obal-na-prilbu-alpinestars","20":"product_tag-skoba-na-kluce","21":"product_tag-taska-na-prilbu-alpinestars","23":"first","24":"onbackorder","25":"taxable","26":"shipping-taxable","27":"purchasable","28":"product-type-simple","29":"customify-col","30":"product-has-gallery"},"aioseo_notices":[],"_links":{"self":[{"href":"https:\/\/motokary-karting.sk\/cz\/wp-json\/wp\/v2\/product\/20992","targetHints":{"allow":["GET"]}}],"collection":[{"href":"https:\/\/motokary-karting.sk\/cz\/wp-json\/wp\/v2\/product"}],"about":[{"href":"https:\/\/motokary-karting.sk\/cz\/wp-json\/wp\/v2\/types\/product"}],"wp:featuredmedia":[{"embeddable":true,"href":"https:\/\/motokary-karting.sk\/cz\/wp-json\/wp\/v2\/media\/20994"}],"wp:attachment":[{"href":"https:\/\/motokary-karting.sk\/cz\/wp-json\/wp\/v2\/media?parent=20992"}],"wp:term":[{"taxonomy":"product_brand","embeddable":true,"href":"https:\/\/motokary-karting.sk\/cz\/wp-json\/wp\/v2\/product_brand?post=20992"},{"taxonomy":"product_cat","embeddable":true,"href":"https:\/\/motokary-karting.sk\/cz\/wp-json\/wp\/v2\/product_cat?post=20992"},{"taxonomy":"product_tag","embeddable":true,"href":"https:\/\/motokary-karting.sk\/cz\/wp-json\/wp\/v2\/product_tag?post=20992"}],"curies":[{"name":"wp","href":"https:\/\/api.w.org\/{rel}","templated":true}]}}