{"id":21007,"date":"2023-12-21T12:06:31","date_gmt":"2023-12-21T12:06:31","guid":{"rendered":"https:\/\/motokary-karting.sk\/?post_type=product&#038;p=21007"},"modified":"2026-01-29T19:21:46","modified_gmt":"2026-01-29T19:21:46","slug":"cestovni-taska-bell-velikost-s-m-l","status":"publish","type":"product","link":"https:\/\/motokary-karting.sk\/cz\/produkt\/bell-cestovna-taska-velkosti-s-m-l\/","title":{"rendered":"Cestovn\u00ed ta\u0161ka BELL (velikosti S - M - L)"},"content":{"rendered":"<p>Velk\u00e1 robustn\u00ed cestovn\u00ed ta\u0161ka Bell je vyrobena z pro\u0161\u00edvan\u00e9ho svrchn\u00edho materi\u00e1lu s kvalitn\u00edmi gumov\u00fdmi kole\u010dky, je ide\u00e1ln\u00edm spole\u010dn\u00edkem na cesty a nab\u00edz\u00ed dostatek \u00falo\u017en\u00e9ho prostoru pro vybaven\u00ed, helmu, boty a oble\u010den\u00ed. V\u00fdsuvn\u00e1 p\u0159epravn\u00ed rukoje\u0165.<\/p>\n<p>Barva: \u010cern\u00e1<\/p>\n<p>Velikost: S<br \/>\nRozm\u011bry: 36 x 25 x 56 cm<br \/>\nObjem: 22 litr\u016f<\/p>\n<p>Velikost: M<br \/>\nRozm\u011bry: 38 x 33 x 70 cm<br \/>\nObjem: 86 litr\u016f<\/p>\n<p>Velikost L<br \/>\nRozm\u011bry: 42 x 36 x 92 cm<br \/>\nObjem: 145 litr\u016f<\/p>","protected":false},"excerpt":{"rendered":"<p>Velk\u00e1, robustn\u00ed cestovn\u00ed ta\u0161ka Bell, vyroben\u00e1 z pro\u0161\u00edvan\u00e9ho vrchn\u00edho materi\u00e1lu s kvalitn\u00edmi gumov\u00fdmi kole\u010dky, je ide\u00e1ln\u00edm spole\u010dn\u00edkem na cesty a nab\u00edz\u00ed dostatek \u00falo\u017en\u00e9ho prostoru pro...<\/p>","protected":false},"featured_media":21023,"template":"","meta":[],"product_brand":[],"product_cat":[2917,32],"product_tag":[963,3158,1866,3157,1728,142,1344,81,3159],"class_list":{"0":"post-21007","1":"product","2":"type-product","3":"status-publish","4":"has-post-thumbnail","6":"product_cat-batozina","7":"product_cat-lifestyle-oblecenie-a-produkty-na-volny-cas","8":"product_tag-bell","9":"product_tag-bell-cestovna-taska","10":"product_tag-cestovna-taska","11":"product_tag-cestovna-taska-bell","12":"product_tag-kart-shop","13":"product_tag-karting","14":"product_tag-karting-shop","15":"product_tag-motokary","16":"product_tag-taska-na-kolieskach","18":"first","19":"onbackorder","20":"taxable","21":"shipping-taxable","22":"purchasable","23":"product-type-variable","24":"customify-col","25":"product-has-gallery"},"aioseo_notices":[],"_links":{"self":[{"href":"https:\/\/motokary-karting.sk\/cz\/wp-json\/wp\/v2\/product\/21007","targetHints":{"allow":["GET"]}}],"collection":[{"href":"https:\/\/motokary-karting.sk\/cz\/wp-json\/wp\/v2\/product"}],"about":[{"href":"https:\/\/motokary-karting.sk\/cz\/wp-json\/wp\/v2\/types\/product"}],"wp:featuredmedia":[{"embeddable":true,"href":"https:\/\/motokary-karting.sk\/cz\/wp-json\/wp\/v2\/media\/21023"}],"wp:attachment":[{"href":"https:\/\/motokary-karting.sk\/cz\/wp-json\/wp\/v2\/media?parent=21007"}],"wp:term":[{"taxonomy":"product_brand","embeddable":true,"href":"https:\/\/motokary-karting.sk\/cz\/wp-json\/wp\/v2\/product_brand?post=21007"},{"taxonomy":"product_cat","embeddable":true,"href":"https:\/\/motokary-karting.sk\/cz\/wp-json\/wp\/v2\/product_cat?post=21007"},{"taxonomy":"product_tag","embeddable":true,"href":"https:\/\/motokary-karting.sk\/cz\/wp-json\/wp\/v2\/product_tag?post=21007"}],"curies":[{"name":"wp","href":"https:\/\/api.w.org\/{rel}","templated":true}]}}