{"id":21030,"date":"2023-12-21T12:27:11","date_gmt":"2023-12-21T12:27:11","guid":{"rendered":"https:\/\/motokary-karting.sk\/?post_type=product&#038;p=21030"},"modified":"2024-02-13T08:33:05","modified_gmt":"2024-02-13T08:33:05","slug":"sparco-martini-racing-belt-reversible","status":"publish","type":"product","link":"https:\/\/motokary-karting.sk\/cz\/produkt\/sparco-opasok-martini-racing-obojstranny\/","title":{"rendered":"Sparco Martini Racing p\u00e1sek oboustrann\u00fd"},"content":{"rendered":"<p>Oboustrann\u00fd opasek Sparco v legend\u00e1rn\u00edch barv\u00e1ch MARTINI RACING - z prav\u00e9 k\u016f\u017ee. 100% vyrobeno v It\u00e1lii.<\/p>\n<p>Materi\u00e1l: k\u016f\u017ee 100%<\/p>","protected":false},"excerpt":{"rendered":"<p>Oboustrann\u00fd opasek Sparco v legend\u00e1rn\u00edch barv\u00e1ch MARTINI RACING - z prav\u00e9 k\u016f\u017ee. 100% vyrobeno v It\u00e1lii. 100% k\u016f\u017ee<\/p>","protected":false},"featured_media":21039,"template":"","meta":[],"product_brand":[],"product_cat":[32,1458,742],"product_tag":[1728,142,1344,81,3323,3322,3159],"class_list":{"0":"post-21030","1":"product","2":"type-product","3":"status-publish","4":"has-post-thumbnail","6":"product_cat-lifestyle-oblecenie-a-produkty-na-volny-cas","7":"product_cat-martini-racing","8":"product_cat-ostatne-lifestyloblecenieadoplnky","9":"product_tag-kart-shop","10":"product_tag-karting","11":"product_tag-karting-shop","12":"product_tag-motokary","13":"product_tag-opasok-sparco","14":"product_tag-sparco-opasok","15":"product_tag-taska-na-kolieskach","17":"first","18":"onbackorder","19":"taxable","20":"shipping-taxable","21":"purchasable","22":"product-type-variable","23":"customify-col","24":"product-has-gallery"},"aioseo_notices":[],"_links":{"self":[{"href":"https:\/\/motokary-karting.sk\/cz\/wp-json\/wp\/v2\/product\/21030","targetHints":{"allow":["GET"]}}],"collection":[{"href":"https:\/\/motokary-karting.sk\/cz\/wp-json\/wp\/v2\/product"}],"about":[{"href":"https:\/\/motokary-karting.sk\/cz\/wp-json\/wp\/v2\/types\/product"}],"wp:featuredmedia":[{"embeddable":true,"href":"https:\/\/motokary-karting.sk\/cz\/wp-json\/wp\/v2\/media\/21039"}],"wp:attachment":[{"href":"https:\/\/motokary-karting.sk\/cz\/wp-json\/wp\/v2\/media?parent=21030"}],"wp:term":[{"taxonomy":"product_brand","embeddable":true,"href":"https:\/\/motokary-karting.sk\/cz\/wp-json\/wp\/v2\/product_brand?post=21030"},{"taxonomy":"product_cat","embeddable":true,"href":"https:\/\/motokary-karting.sk\/cz\/wp-json\/wp\/v2\/product_cat?post=21030"},{"taxonomy":"product_tag","embeddable":true,"href":"https:\/\/motokary-karting.sk\/cz\/wp-json\/wp\/v2\/product_tag?post=21030"}],"curies":[{"name":"wp","href":"https:\/\/api.w.org\/{rel}","templated":true}]}}