{"id":2106,"date":"2020-08-13T09:29:59","date_gmt":"2020-08-13T09:29:59","guid":{"rendered":"https:\/\/motokary-karting.sk\/?post_type=product&#038;p=2106"},"modified":"2026-01-31T18:50:39","modified_gmt":"2026-01-31T18:50:39","slug":"spodni-kridla-pro-kryt-motoru-30-32mm-sada-2ks","status":"publish","type":"product","link":"https:\/\/motokary-karting.sk\/cz\/produkt\/spodne-kridla-drziaku-motora-30-32mm-sada-2ks\/","title":{"rendered":"Spodn\u00ed \u201ck\u0159\u00eddla\u201d pro dr\u017e\u00e1k motoru \u201cSHORT\u201d 30-32mm - SADA 2 ks"},"content":{"rendered":"","protected":false},"excerpt":{"rendered":"<p>Zbo\u017e\u00ed na sklad\u011b je expedov\u00e1no okam\u017eit\u011b<\/p>","protected":false},"featured_media":2107,"template":"","meta":[],"product_brand":[],"product_cat":[3436,645],"product_tag":[318,142,500,81,499],"class_list":{"0":"post-2106","1":"product","2":"type-product","3":"status-publish","4":"has-post-thumbnail","6":"product_cat-drziak-motora-uni","7":"product_cat-nahradne-diely-na-motory","8":"product_tag-drziak-motora","9":"product_tag-karting","10":"product_tag-kridla-drziaku-motora","11":"product_tag-motokary","12":"product_tag-spodne-kridla","14":"first","15":"onbackorder","16":"taxable","17":"shipping-taxable","18":"purchasable","19":"product-type-simple","20":"customify-col","21":"product-has-gallery"},"aioseo_notices":[],"_links":{"self":[{"href":"https:\/\/motokary-karting.sk\/cz\/wp-json\/wp\/v2\/product\/2106","targetHints":{"allow":["GET"]}}],"collection":[{"href":"https:\/\/motokary-karting.sk\/cz\/wp-json\/wp\/v2\/product"}],"about":[{"href":"https:\/\/motokary-karting.sk\/cz\/wp-json\/wp\/v2\/types\/product"}],"wp:featuredmedia":[{"embeddable":true,"href":"https:\/\/motokary-karting.sk\/cz\/wp-json\/wp\/v2\/media\/2107"}],"wp:attachment":[{"href":"https:\/\/motokary-karting.sk\/cz\/wp-json\/wp\/v2\/media?parent=2106"}],"wp:term":[{"taxonomy":"product_brand","embeddable":true,"href":"https:\/\/motokary-karting.sk\/cz\/wp-json\/wp\/v2\/product_brand?post=2106"},{"taxonomy":"product_cat","embeddable":true,"href":"https:\/\/motokary-karting.sk\/cz\/wp-json\/wp\/v2\/product_cat?post=2106"},{"taxonomy":"product_tag","embeddable":true,"href":"https:\/\/motokary-karting.sk\/cz\/wp-json\/wp\/v2\/product_tag?post=2106"}],"curies":[{"name":"wp","href":"https:\/\/api.w.org\/{rel}","templated":true}]}}