{"id":2110,"date":"2020-08-04T11:37:26","date_gmt":"2020-08-04T11:37:26","guid":{"rendered":"https:\/\/motokary-karting.sk\/?post_type=product&#038;p=2110"},"modified":"2022-09-25T16:46:48","modified_gmt":"2022-09-25T16:46:48","slug":"brzdovy-kotouc-plovouci-195-x-18-ventilovany","status":"publish","type":"product","link":"https:\/\/motokary-karting.sk\/cz\/produkt\/brzdovy-kotuc-plavajuci-195-x-18-ventilovany\/","title":{"rendered":"Plovouc\u00ed brzdov\u00fd kotou\u010d 195 x 18 s ventilac\u00ed"},"content":{"rendered":"","protected":false},"excerpt":{"rendered":"<p>Dod\u00e1n\u00ed do 7 dn\u016f<\/p>","protected":false},"featured_media":2113,"template":"","meta":[],"product_brand":[],"product_cat":[1548,302,271],"product_tag":[511,527,502,501,142,503,504,81,526,505],"class_list":{"0":"post-2110","1":"product","2":"type-product","3":"status-publish","4":"has-post-thumbnail","6":"product_cat-brzdove-kotuce","7":"product_cat-brzdy-prislusenstvo","8":"product_cat-nahradne-diely-na-podvozky","9":"product_tag-brake-disc","10":"product_tag-brzdovy-kotouc","11":"product_tag-brzdovy-kotuc","12":"product_tag-brzdy","13":"product_tag-karting","14":"product_tag-kotuc-brzdovy","15":"product_tag-ma20","16":"product_tag-motokary","17":"product_tag-ventilovany-kotouc","18":"product_tag-ventilovany-kotuc","20":"first","21":"onbackorder","22":"taxable","23":"shipping-taxable","24":"purchasable","25":"product-type-simple","26":"customify-col","27":"product-has-gallery"},"aioseo_notices":[],"_links":{"self":[{"href":"https:\/\/motokary-karting.sk\/cz\/wp-json\/wp\/v2\/product\/2110","targetHints":{"allow":["GET"]}}],"collection":[{"href":"https:\/\/motokary-karting.sk\/cz\/wp-json\/wp\/v2\/product"}],"about":[{"href":"https:\/\/motokary-karting.sk\/cz\/wp-json\/wp\/v2\/types\/product"}],"wp:featuredmedia":[{"embeddable":true,"href":"https:\/\/motokary-karting.sk\/cz\/wp-json\/wp\/v2\/media\/2113"}],"wp:attachment":[{"href":"https:\/\/motokary-karting.sk\/cz\/wp-json\/wp\/v2\/media?parent=2110"}],"wp:term":[{"taxonomy":"product_brand","embeddable":true,"href":"https:\/\/motokary-karting.sk\/cz\/wp-json\/wp\/v2\/product_brand?post=2110"},{"taxonomy":"product_cat","embeddable":true,"href":"https:\/\/motokary-karting.sk\/cz\/wp-json\/wp\/v2\/product_cat?post=2110"},{"taxonomy":"product_tag","embeddable":true,"href":"https:\/\/motokary-karting.sk\/cz\/wp-json\/wp\/v2\/product_tag?post=2110"}],"curies":[{"name":"wp","href":"https:\/\/api.w.org\/{rel}","templated":true}]}}