{"id":21151,"date":"2023-12-21T12:46:00","date_gmt":"2023-12-21T12:46:00","guid":{"rendered":"https:\/\/motokary-karting.sk\/?post_type=product&#038;p=21151"},"modified":"2026-02-11T10:57:40","modified_gmt":"2026-02-11T10:57:40","slug":"boty-sparco-k-zakladnimu-nateru","status":"publish","type":"product","link":"https:\/\/motokary-karting.sk\/cz\/produkt\/sparco-topanky-k-prime\/","title":{"rendered":"Boty Sparco K-Prime"},"content":{"rendered":"<p>\u0160pi\u010dkov\u00fdm produktem mezi motok\u00e1rov\u00fdmi botami Sparco je K-PRIME, homologovan\u00e1 podle nejnov\u011bj\u0161\u00ed bezpe\u010dnostn\u00ed normy FIA8877-2022 pro motok\u00e1ry. M\u011bkk\u00fd hladk\u00fd materi\u00e1l svr\u0161ku z mikrovl\u00e1kna a prody\u0161n\u00e1 vnit\u0159n\u00ed pod\u0161\u00edvka ze s\u00ed\u0165oviny slibuj\u00ed nejvy\u0161\u0161\u00ed mo\u017en\u00e9 pohodl\u00ed. Jednod\u00edln\u00e9 zap\u00edn\u00e1n\u00ed na such\u00fd zip, inspirovan\u00e9 formul\u00ed 1, je navr\u017eeno tak, aby zajistilo dokonal\u00e9 a bezpe\u010dn\u00e9 uchycen\u00ed. Toto zap\u00edn\u00e1n\u00ed p\u0159isp\u00edv\u00e1 nejen k funk\u010dnosti, ale tak\u00e9 dod\u00e1v\u00e1 bot\u00e1m modern\u00ed a sportovn\u00ed design. Ultratenk\u00e1 podr\u00e1\u017eka z TPU pro bezkonkuren\u010dn\u00ed pocit p\u0159i \u0161lap\u00e1n\u00ed.<\/p>\n<p>Standard FIA: 8877-2022<\/p>","protected":false},"excerpt":{"rendered":"<p>\u0160pi\u010dkov\u00fdm produktem mezi motok\u00e1rov\u00fdmi botami Sparco je K-PRIME, homologovan\u00e1 podle nejnov\u011bj\u0161\u00ed bezpe\u010dnostn\u00ed normy FIA8877-2022 pro motok\u00e1ry. Svrchn\u00ed materi\u00e1l z m\u011bkk\u00e9 hladk\u00e9 k\u016f\u017ee z mikrovl\u00e1kna a...<\/p>","protected":false},"featured_media":26585,"template":"","meta":[],"product_brand":[],"product_cat":[95,28,18],"product_tag":[937,142,940,81,938,26,3324,87,939],"class_list":{"0":"post-21151","1":"product","2":"type-product","3":"status-publish","4":"has-post-thumbnail","6":"product_cat-sparco-topanky","7":"product_cat-topanky","8":"product_cat-vybava-pretekara","9":"product_tag-jazdecke-topanky","10":"product_tag-karting","11":"product_tag-motokarove-topanky","12":"product_tag-motokary","13":"product_tag-pretekarske-topanky","14":"product_tag-sparco","15":"product_tag-sparco-k-prime","16":"product_tag-topanky","17":"product_tag-topanky-na-motokary","19":"first","20":"onbackorder","21":"taxable","22":"shipping-taxable","23":"purchasable","24":"product-type-variable","25":"customify-col","26":"product-has-gallery"},"aioseo_notices":[],"_links":{"self":[{"href":"https:\/\/motokary-karting.sk\/cz\/wp-json\/wp\/v2\/product\/21151","targetHints":{"allow":["GET"]}}],"collection":[{"href":"https:\/\/motokary-karting.sk\/cz\/wp-json\/wp\/v2\/product"}],"about":[{"href":"https:\/\/motokary-karting.sk\/cz\/wp-json\/wp\/v2\/types\/product"}],"wp:featuredmedia":[{"embeddable":true,"href":"https:\/\/motokary-karting.sk\/cz\/wp-json\/wp\/v2\/media\/26585"}],"wp:attachment":[{"href":"https:\/\/motokary-karting.sk\/cz\/wp-json\/wp\/v2\/media?parent=21151"}],"wp:term":[{"taxonomy":"product_brand","embeddable":true,"href":"https:\/\/motokary-karting.sk\/cz\/wp-json\/wp\/v2\/product_brand?post=21151"},{"taxonomy":"product_cat","embeddable":true,"href":"https:\/\/motokary-karting.sk\/cz\/wp-json\/wp\/v2\/product_cat?post=21151"},{"taxonomy":"product_tag","embeddable":true,"href":"https:\/\/motokary-karting.sk\/cz\/wp-json\/wp\/v2\/product_tag?post=21151"}],"curies":[{"name":"wp","href":"https:\/\/api.w.org\/{rel}","templated":true}]}}