{"id":2122,"date":"2020-08-04T11:45:20","date_gmt":"2020-08-04T11:45:20","guid":{"rendered":"https:\/\/motokary-karting.sk\/?post_type=product&#038;p=2122"},"modified":"2022-09-25T16:48:39","modified_gmt":"2022-09-25T16:48:39","slug":"brzdovy-kotouc-210-x-8-perforovany","status":"publish","type":"product","link":"https:\/\/motokary-karting.sk\/cz\/produkt\/brzdovy-kotuc-210-x-8-perforovany\/","title":{"rendered":"Brzdov\u00fd kotou\u010d 210 x 8 perforovan\u00fd"},"content":{"rendered":"","protected":false},"excerpt":{"rendered":"<p>Dod\u00e1n\u00ed do 7 dn\u016f<\/p>","protected":false},"featured_media":2123,"template":"","meta":[],"product_brand":[],"product_cat":[1548,302,1239,271,173,77],"product_tag":[511,502,507,501,142,503,81,524],"class_list":{"0":"post-2122","1":"product","2":"type-product","3":"status-publish","4":"has-post-thumbnail","6":"product_cat-brzdove-kotuce","7":"product_cat-brzdy-prislusenstvo","8":"product_cat-brzdy-prislusenstvo-pozicovna","9":"product_cat-nahradne-diely-na-podvozky","10":"product_cat-podvozky-nahradne-diely","11":"product_cat-rental-karting","12":"product_tag-brake-disc","13":"product_tag-brzdovy-kotuc","14":"product_tag-brzdovy-kotuc-pozicovna","15":"product_tag-brzdy","16":"product_tag-karting","17":"product_tag-kotuc-brzdovy","18":"product_tag-motokary","19":"product_tag-perforovany-kotuc","21":"first","22":"onbackorder","23":"taxable","24":"shipping-taxable","25":"purchasable","26":"product-type-simple","27":"customify-col"},"aioseo_notices":[],"_links":{"self":[{"href":"https:\/\/motokary-karting.sk\/cz\/wp-json\/wp\/v2\/product\/2122","targetHints":{"allow":["GET"]}}],"collection":[{"href":"https:\/\/motokary-karting.sk\/cz\/wp-json\/wp\/v2\/product"}],"about":[{"href":"https:\/\/motokary-karting.sk\/cz\/wp-json\/wp\/v2\/types\/product"}],"wp:featuredmedia":[{"embeddable":true,"href":"https:\/\/motokary-karting.sk\/cz\/wp-json\/wp\/v2\/media\/2123"}],"wp:attachment":[{"href":"https:\/\/motokary-karting.sk\/cz\/wp-json\/wp\/v2\/media?parent=2122"}],"wp:term":[{"taxonomy":"product_brand","embeddable":true,"href":"https:\/\/motokary-karting.sk\/cz\/wp-json\/wp\/v2\/product_brand?post=2122"},{"taxonomy":"product_cat","embeddable":true,"href":"https:\/\/motokary-karting.sk\/cz\/wp-json\/wp\/v2\/product_cat?post=2122"},{"taxonomy":"product_tag","embeddable":true,"href":"https:\/\/motokary-karting.sk\/cz\/wp-json\/wp\/v2\/product_tag?post=2122"}],"curies":[{"name":"wp","href":"https:\/\/api.w.org\/{rel}","templated":true}]}}