{"id":21577,"date":"2024-01-03T13:21:57","date_gmt":"2024-01-03T13:21:57","guid":{"rendered":"https:\/\/motokary-karting.sk\/?post_type=product&#038;p=21577"},"modified":"2026-02-11T10:15:18","modified_gmt":"2026-02-11T10:15:18","slug":"bell-kc7-cmr-ayrton-senna-edition","status":"publish","type":"product","link":"https:\/\/motokary-karting.sk\/cz\/produkt\/bell-kc7-cmr-ayrton-senna-edition\/","title":{"rendered":"Bell KC7-CMR Ayrton Senna Edition"},"content":{"rendered":"<p>BELL KC7 CMR se hrd\u011b p\u0159edstavuje v jedine\u010dn\u00e9 edici Ayrton Senna s designem inspirovan\u00fdm trojn\u00e1sobn\u00fdm mistrem sv\u011bta Formule 1. Robustn\u00ed sko\u0159epina helmy vyroben\u00e1 z kompozitn\u00edho lamin\u00e1tu karbonu, kevlaru a skeln\u00fdch vl\u00e1ken nab\u00edz\u00ed optim\u00e1ln\u00ed ochranu p\u0159i n\u00edzk\u00e9 hmotnosti. D\u00edky 14 v\u011btrac\u00edm kan\u00e1lk\u016fm helma poskytuje vynikaj\u00edc\u00ed ventilaci, zat\u00edmco vysp\u011bl\u00e9 komfortn\u00ed polstrov\u00e1n\u00ed se dokonale p\u0159izp\u016fsob\u00ed hlav\u011b, ani\u017e by zp\u016fsobovalo tlakov\u00e9 body.<\/p>\n<p>V\u00fdrazn\u00fd design edice Ayrton Senna dod\u00e1v\u00e1 helm\u011b jedine\u010dn\u00fd estetick\u00fd vzhled a vzd\u00e1v\u00e1 hold fascinuj\u00edc\u00ed z\u00e1vodn\u00ed kari\u00e9\u0159e brazilsk\u00e9ho z\u00e1vodn\u00edka. D\u00edky integraci nejmodern\u011bj\u0161\u00edch materi\u00e1l\u016f a precizn\u00edmu zpracov\u00e1n\u00ed helma nejen vzd\u00e1v\u00e1 hold Ayrtonu Sennovi, ale tak\u00e9 p\u0159edstavuje nejvy\u0161\u0161\u00ed \u00farove\u0148 bezpe\u010dnosti a pohodl\u00ed na z\u00e1vodn\u00ed trati. Standardn\u00ed v\u00fdbava zahrnuje kompletn\u00ed sadu spoiler\u016f, k\u0161ilt a kvalitn\u00ed bra\u0161nu na helmu Bell.<\/p>","protected":false},"excerpt":{"rendered":"<p>P\u0159ilba BELL KC7 CMR se py\u0161n\u00ed jedine\u010dnou edic\u00ed Ayrton Senna s designem inspirovan\u00fdm trojn\u00e1sobn\u00fdm mistrem sv\u011bta Formule 1. Robustn\u00ed kompozitov\u00e1 lamin\u00e1tov\u00e1 sko\u0159epina p\u0159ilby je vyrobena z...<\/p>","protected":false},"featured_media":21587,"template":"","meta":[],"product_brand":[],"product_cat":[962,21,18],"product_tag":[963,964,969,976,978,965,979,975,142,1344,968,977,81],"class_list":{"0":"post-21577","1":"product","2":"type-product","3":"status-publish","4":"has-post-thumbnail","6":"product_cat-bell","7":"product_cat-prilby","8":"product_cat-vybava-pretekara","9":"product_tag-bell","10":"product_tag-bell-helmets","11":"product_tag-bell-kc7-cmr","12":"product_tag-bell-kc7-cmr-carbon","13":"product_tag-bell-lewis-hamilton","14":"product_tag-bell-prilba","15":"product_tag-bell-prilba-kc7-cmr-lewis-hamilton","16":"product_tag-carbon","17":"product_tag-karting","18":"product_tag-karting-shop","19":"product_tag-kc7-cmr","20":"product_tag-lewis-hamilton","21":"product_tag-motokary","23":"first","24":"onbackorder","25":"sale","26":"taxable","27":"shipping-taxable","28":"purchasable","29":"product-type-variable","30":"customify-col","31":"product-has-gallery"},"aioseo_notices":[],"_links":{"self":[{"href":"https:\/\/motokary-karting.sk\/cz\/wp-json\/wp\/v2\/product\/21577","targetHints":{"allow":["GET"]}}],"collection":[{"href":"https:\/\/motokary-karting.sk\/cz\/wp-json\/wp\/v2\/product"}],"about":[{"href":"https:\/\/motokary-karting.sk\/cz\/wp-json\/wp\/v2\/types\/product"}],"wp:featuredmedia":[{"embeddable":true,"href":"https:\/\/motokary-karting.sk\/cz\/wp-json\/wp\/v2\/media\/21587"}],"wp:attachment":[{"href":"https:\/\/motokary-karting.sk\/cz\/wp-json\/wp\/v2\/media?parent=21577"}],"wp:term":[{"taxonomy":"product_brand","embeddable":true,"href":"https:\/\/motokary-karting.sk\/cz\/wp-json\/wp\/v2\/product_brand?post=21577"},{"taxonomy":"product_cat","embeddable":true,"href":"https:\/\/motokary-karting.sk\/cz\/wp-json\/wp\/v2\/product_cat?post=21577"},{"taxonomy":"product_tag","embeddable":true,"href":"https:\/\/motokary-karting.sk\/cz\/wp-json\/wp\/v2\/product_tag?post=21577"}],"curies":[{"name":"wp","href":"https:\/\/api.w.org\/{rel}","templated":true}]}}